{"id":996,"date":"2024-04-18T21:31:04","date_gmt":"2024-04-18T19:31:04","guid":{"rendered":"https:\/\/www.sgfarchant.de\/?page_id=996"},"modified":"2024-04-26T18:58:28","modified_gmt":"2024-04-26T16:58:28","slug":"ergebnisse-vereineschiessen","status":"publish","type":"page","link":"https:\/\/www.sgfarchant.de\/?page_id=996","title":{"rendered":"125 j\u00e4hriges Jubil\u00e4um &#8211; Vereineschie\u00dfen 2024"},"content":{"rendered":"<p>Vereineschie\u00dfen 2024 zum 125 j\u00e4hrigen Jubil\u00e4um der SG Kuhflucht Farchant e.V.<\/p>\n<p>Die Bilder findet ihr hier: <a href=\"https:\/\/www.sgfarchant.de\/?robo_gallery_table=125-jaehriges-jubilaeum-vereineschiessen\">Bilder 125 j\u00e4hriges Jubil\u00e4um &#8211; Vereineschie\u00dfen<\/a><\/p>\n<p>Die weiteren Seiten der PDFs kann man ansehen in dem man mit der Maus \u00fcber die PDFs f\u00e4hrt und sich am unteren Ende eine Men\u00fcleiste \u00f6ffnet.<\/p>\n<p>Jubil\u00e4um:<br \/>\n<a href=\"https:\/\/www.sgfarchant.de\/wp-content\/uploads\/2024\/04\/Vereineschiessen-2024_Jubilaeum.pdf\" class=\"pdfemb-viewer\" style=\"\" data-width=\"max\" data-height=\"max\" data-toolbar=\"bottom\" data-toolbar-fixed=\"off\">Vereineschie\u00dfen 2024_Jubil\u00e4um<\/a><br \/>\nDownload: <a href=\"https:\/\/www.sgfarchant.de\/wp-content\/uploads\/2024\/04\/Vereineschiessen-2024_Jubilaeum.pdf\" target=\"_blank\" rel=\"noopener\">https:\/\/www.sgfarchant.de\/wp-content\/uploads\/2024\/04\/Vereineschiessen-2024_Jubilaeum.pdf<\/a><\/p>\n<p>Meister:<br \/>\n<a href=\"https:\/\/www.sgfarchant.de\/wp-content\/uploads\/2024\/04\/Vereineschiessen-2024_Meister.pdf\" class=\"pdfemb-viewer\" style=\"\" data-width=\"max\" data-height=\"max\" data-toolbar=\"bottom\" data-toolbar-fixed=\"off\">Vereineschie\u00dfen 2024_Meister<\/a><br \/>\nDownload: <a href=\"https:\/\/www.sgfarchant.de\/wp-content\/uploads\/2024\/04\/Vereineschiessen-2024_Meister.pdf\" target=\"_blank\" rel=\"noopener\">https:\/\/www.sgfarchant.de\/wp-content\/uploads\/2024\/04\/Vereineschiessen-2024_Meister.pdf<\/a><\/p>\n<p>Mannschaft:<br \/>\n<a href=\"https:\/\/www.sgfarchant.de\/wp-content\/uploads\/2024\/04\/Vereineschiessen-2024_Mannschaft.pdf\" class=\"pdfemb-viewer\" style=\"\" data-width=\"max\" data-height=\"max\" data-toolbar=\"bottom\" data-toolbar-fixed=\"off\">Vereineschie\u00dfen 2024_Mannschaft<\/a><br \/>\nDownload: <a href=\"https:\/\/www.sgfarchant.de\/wp-content\/uploads\/2024\/04\/Vereineschiessen-2024_Mannschaft.pdf\" target=\"_blank\" rel=\"noopener\">https:\/\/www.sgfarchant.de\/wp-content\/uploads\/2024\/04\/Vereineschiessen-2024_Mannschaft.pdf<\/a><\/p>\n","protected":false},"excerpt":{"rendered":"<p>Vereineschie\u00dfen 2024 zum 125 j\u00e4hrigen Jubil\u00e4um der SG Kuhflucht Farchant e.V. Die Bilder findet ihr hier: Bilder 125 j\u00e4hriges Jubil\u00e4um &#8211; Vereineschie\u00dfen Die weiteren Seiten der PDFs kann man ansehen in dem man mit der Maus \u00fcber die PDFs f\u00e4hrt und sich am unteren Ende eine Men\u00fcleiste \u00f6ffnet. Jubil\u00e4um: Download: https:\/\/www.sgfarchant.de\/wp-content\/uploads\/2024\/04\/Vereineschiessen-2024_Jubilaeum.pdf Meister: Download: https:\/\/www.sgfarchant.de\/wp-content\/uploads\/2024\/04\/Vereineschiessen-2024_Meister.pdf Mannschaft: [&hellip;]<\/p>\n","protected":false},"author":2,"featured_media":0,"parent":31,"menu_order":0,"comment_status":"closed","ping_status":"closed","template":"","meta":{"footnotes":""},"class_list":["post-996","page","type-page","status-publish","hentry"],"_links":{"self":[{"href":"https:\/\/www.sgfarchant.de\/index.php?rest_route=\/wp\/v2\/pages\/996","targetHints":{"allow":["GET"]}}],"collection":[{"href":"https:\/\/www.sgfarchant.de\/index.php?rest_route=\/wp\/v2\/pages"}],"about":[{"href":"https:\/\/www.sgfarchant.de\/index.php?rest_route=\/wp\/v2\/types\/page"}],"author":[{"embeddable":true,"href":"https:\/\/www.sgfarchant.de\/index.php?rest_route=\/wp\/v2\/users\/2"}],"replies":[{"embeddable":true,"href":"https:\/\/www.sgfarchant.de\/index.php?rest_route=%2Fwp%2Fv2%2Fcomments&post=996"}],"version-history":[{"count":7,"href":"https:\/\/www.sgfarchant.de\/index.php?rest_route=\/wp\/v2\/pages\/996\/revisions"}],"predecessor-version":[{"id":1113,"href":"https:\/\/www.sgfarchant.de\/index.php?rest_route=\/wp\/v2\/pages\/996\/revisions\/1113"}],"up":[{"embeddable":true,"href":"https:\/\/www.sgfarchant.de\/index.php?rest_route=\/wp\/v2\/pages\/31"}],"wp:attachment":[{"href":"https:\/\/www.sgfarchant.de\/index.php?rest_route=%2Fwp%2Fv2%2Fmedia&parent=996"}],"curies":[{"name":"wp","href":"https:\/\/api.w.org\/{rel}","templated":true}]}}