{"id":886,"date":"2023-11-28T22:28:23","date_gmt":"2023-11-28T21:28:23","guid":{"rendered":"https:\/\/www.sgfarchant.de\/?page_id=886"},"modified":"2024-03-10T23:19:33","modified_gmt":"2024-03-10T22:19:33","slug":"ergebnisse-2020-2021-2-2-2","status":"publish","type":"page","link":"https:\/\/www.sgfarchant.de\/?page_id=886","title":{"rendered":"Ergebnisse 2023 \/ 2024"},"content":{"rendered":"<p>Vortelsaison 2023 \/ 2024<\/p>\n<p>16. Vortelschie\u00dfen:<br \/>\n<a href=\"https:\/\/www.sgfarchant.de\/wp-content\/uploads\/2024\/03\/Meldekarte-16-Vortelschiessen.pdf\" class=\"pdfemb-viewer\" style=\"\" data-width=\"max\" data-height=\"max\" data-toolbar=\"bottom\" data-toolbar-fixed=\"off\">Meldekarte 16 Vortelschie\u00dfen<\/a><\/p>\n<p>15. Vortelschie\u00dfen:<br \/>\n<a href=\"https:\/\/www.sgfarchant.de\/wp-content\/uploads\/2024\/03\/Meldekarte-15-Vortelschiessen.pdf\" class=\"pdfemb-viewer\" style=\"\" data-width=\"max\" data-height=\"max\" data-toolbar=\"bottom\" data-toolbar-fixed=\"off\">Meldekarte 15 Vortelschie\u00dfen<\/a><\/p>\n<p>14. Vortelschie\u00dfen:<br \/>\n<a href=\"https:\/\/www.sgfarchant.de\/wp-content\/uploads\/2024\/02\/Meldekarte-14-Vortelschiessen.pdf\" class=\"pdfemb-viewer\" style=\"\" data-width=\"max\" data-height=\"max\" data-toolbar=\"bottom\" data-toolbar-fixed=\"off\">Meldekarte 14 Vortelschie\u00dfen<\/a><\/p>\n<p>13. Vortelschie\u00dfen:<br \/>\n<a href=\"https:\/\/www.sgfarchant.de\/wp-content\/uploads\/2024\/02\/Meldekarte-13-Vortelschiessen.pdf\" class=\"pdfemb-viewer\" style=\"\" data-width=\"max\" data-height=\"max\" data-toolbar=\"bottom\" data-toolbar-fixed=\"off\">Meldekarte 13 Vortelschie\u00dfen<\/a><\/p>\n<p>12. Vortelschie\u00dfen:<br \/>\n<a href=\"https:\/\/www.sgfarchant.de\/wp-content\/uploads\/2024\/02\/Meldekarte-12-Vortelschiessen.pdf\" class=\"pdfemb-viewer\" style=\"\" data-width=\"max\" data-height=\"max\" data-toolbar=\"bottom\" data-toolbar-fixed=\"off\">Meldekarte 12 Vortelschie\u00dfen<\/a><\/p>\n<p>11. Vortelschie\u00dfen:<br \/>\n<a href=\"https:\/\/www.sgfarchant.de\/wp-content\/uploads\/2024\/02\/Meldekarte-11-Vortelschiessen.pdf\" class=\"pdfemb-viewer\" style=\"\" data-width=\"max\" data-height=\"max\" data-toolbar=\"bottom\" data-toolbar-fixed=\"off\">Meldekarte 11 Vortelschie\u00dfen<\/a><\/p>\n<p>10. Vortelschie\u00dfen:<br \/>\n<a href=\"https:\/\/www.sgfarchant.de\/wp-content\/uploads\/2024\/02\/Meldekarte-10-Vortelschiessen.pdf\" class=\"pdfemb-viewer\" style=\"\" data-width=\"max\" data-height=\"max\" data-toolbar=\"bottom\" data-toolbar-fixed=\"off\">Meldekarte 10 Vortelschie\u00dfen<\/a><\/p>\n<p>9. Vortelschie\u00dfen:<br \/>\n<a href=\"https:\/\/www.sgfarchant.de\/wp-content\/uploads\/2024\/01\/Meldekarte-9-Vortelschiessen.pdf\" class=\"pdfemb-viewer\" style=\"\" data-width=\"max\" data-height=\"max\" data-toolbar=\"bottom\" data-toolbar-fixed=\"off\">Meldekarte 9 Vortelschie\u00dfen<\/a><\/p>\n<p>8. Vortelschie\u00dfen:<br \/>\n<a href=\"https:\/\/www.sgfarchant.de\/wp-content\/uploads\/2024\/01\/Meldekarte-8-Vortelschiessen.pdf\" class=\"pdfemb-viewer\" style=\"\" data-width=\"max\" data-height=\"max\" data-toolbar=\"bottom\" data-toolbar-fixed=\"off\">Meldekarte 8 Vortelschie\u00dfen<\/a><\/p>\n<p>7. Vortelschie\u00dfen:<br \/>\n<a href=\"https:\/\/www.sgfarchant.de\/wp-content\/uploads\/2024\/01\/Meldekarte-7-Vortelschiessen.pdf\" class=\"pdfemb-viewer\" style=\"\" data-width=\"max\" data-height=\"max\" data-toolbar=\"bottom\" data-toolbar-fixed=\"off\">Meldekarte 7 Vortelschie\u00dfen<\/a><\/p>\n<p>6. Vortelschie\u00dfen:<br \/>\n<a href=\"https:\/\/www.sgfarchant.de\/wp-content\/uploads\/2023\/12\/Meldekarte-6-Vortelschiessen.pdf\" class=\"pdfemb-viewer\" style=\"\" data-width=\"max\" data-height=\"max\" data-toolbar=\"bottom\" data-toolbar-fixed=\"off\">Meldekarte 6 Vortelschie\u00dfen<\/a><\/p>\n<p>5. Vortelschie\u00dfen:<br \/>\n<a href=\"https:\/\/www.sgfarchant.de\/wp-content\/uploads\/2023\/12\/Meldekarte-5-Vortelschiessen.pdf\" class=\"pdfemb-viewer\" style=\"\" data-width=\"max\" data-height=\"max\" data-toolbar=\"bottom\" data-toolbar-fixed=\"off\">Meldekarte 5 Vortelschie\u00dfen<\/a><\/p>\n<p>4. Vortelschie\u00dfen:<br \/>\n<a href=\"https:\/\/www.sgfarchant.de\/wp-content\/uploads\/2023\/12\/Meldekarte-4-Vortelschiessen.pdf\" class=\"pdfemb-viewer\" style=\"\" data-width=\"max\" data-height=\"max\" data-toolbar=\"bottom\" data-toolbar-fixed=\"off\">Meldekarte 4 Vortelschie\u00dfen<\/a><\/p>\n<p>3. Vortelschie\u00dfen:<br \/>\n<a href=\"https:\/\/www.sgfarchant.de\/wp-content\/uploads\/2023\/11\/Meldekarte-3-Vortelschiessen.pdf\" class=\"pdfemb-viewer\" style=\"\" data-width=\"max\" data-height=\"max\" data-toolbar=\"bottom\" data-toolbar-fixed=\"off\">Meldekarte 3 Vortelschie\u00dfen<\/a><\/p>\n<p>2. Vortelschie\u00dfen:<br \/>\n<a href=\"https:\/\/www.sgfarchant.de\/wp-content\/uploads\/2023\/11\/Meldekarte-2-Vortelschiessen.pdf\" class=\"pdfemb-viewer\" style=\"\" data-width=\"max\" data-height=\"max\" data-toolbar=\"bottom\" data-toolbar-fixed=\"off\">Meldekarte 2 Vortelschie\u00dfen<\/a><\/p>\n<p>1. Vortelschie\u00dfen:<br \/>\n<a href=\"https:\/\/www.sgfarchant.de\/wp-content\/uploads\/2023\/11\/Meldekarte-1-Vortelschiessen.pdf\" class=\"pdfemb-viewer\" style=\"\" data-width=\"max\" data-height=\"max\" data-toolbar=\"bottom\" data-toolbar-fixed=\"off\">Meldekarte 1 Vortelschie\u00dfen<\/a><\/p>\n","protected":false},"excerpt":{"rendered":"<p>Vortelsaison 2023 \/ 2024 16. Vortelschie\u00dfen: 15. Vortelschie\u00dfen: 14. Vortelschie\u00dfen: 13. Vortelschie\u00dfen: 12. Vortelschie\u00dfen: 11. Vortelschie\u00dfen: 10. Vortelschie\u00dfen: 9. Vortelschie\u00dfen: 8. Vortelschie\u00dfen: 7. Vortelschie\u00dfen: 6. Vortelschie\u00dfen: 5. Vortelschie\u00dfen: 4. Vortelschie\u00dfen: 3. Vortelschie\u00dfen: 2. Vortelschie\u00dfen: 1. Vortelschie\u00dfen:<\/p>\n","protected":false},"author":2,"featured_media":0,"parent":48,"menu_order":3,"comment_status":"closed","ping_status":"closed","template":"","meta":{"footnotes":""},"class_list":["post-886","page","type-page","status-publish","hentry"],"_links":{"self":[{"href":"https:\/\/www.sgfarchant.de\/index.php?rest_route=\/wp\/v2\/pages\/886","targetHints":{"allow":["GET"]}}],"collection":[{"href":"https:\/\/www.sgfarchant.de\/index.php?rest_route=\/wp\/v2\/pages"}],"about":[{"href":"https:\/\/www.sgfarchant.de\/index.php?rest_route=\/wp\/v2\/types\/page"}],"author":[{"embeddable":true,"href":"https:\/\/www.sgfarchant.de\/index.php?rest_route=\/wp\/v2\/users\/2"}],"replies":[{"embeddable":true,"href":"https:\/\/www.sgfarchant.de\/index.php?rest_route=%2Fwp%2Fv2%2Fcomments&post=886"}],"version-history":[{"count":15,"href":"https:\/\/www.sgfarchant.de\/index.php?rest_route=\/wp\/v2\/pages\/886\/revisions"}],"predecessor-version":[{"id":957,"href":"https:\/\/www.sgfarchant.de\/index.php?rest_route=\/wp\/v2\/pages\/886\/revisions\/957"}],"up":[{"embeddable":true,"href":"https:\/\/www.sgfarchant.de\/index.php?rest_route=\/wp\/v2\/pages\/48"}],"wp:attachment":[{"href":"https:\/\/www.sgfarchant.de\/index.php?rest_route=%2Fwp%2Fv2%2Fmedia&parent=886"}],"curies":[{"name":"wp","href":"https:\/\/api.w.org\/{rel}","templated":true}]}}