{"id":756,"date":"2023-03-26T22:26:52","date_gmt":"2023-03-26T20:26:52","guid":{"rendered":"https:\/\/www.sgfarchant.de\/?page_id=756"},"modified":"2023-04-02T23:16:30","modified_gmt":"2023-04-02T21:16:30","slug":"endschiessen-3","status":"publish","type":"page","link":"https:\/\/www.sgfarchant.de\/?page_id=756","title":{"rendered":"End- und K\u00f6nigsschie\u00dfen 2023"},"content":{"rendered":"<p><strong><span style=\"font-size: 12pt;\">End- und K\u00f6nigschie\u00dfen der Sch\u00fctzengesellschaft \u201eKuhflucht\u201c Farchant e.V.<\/span><\/strong><\/p>\n<p>Gro\u00df war die Spannung unter den knapp 60 Teilnehmern, als 1. Sch\u00fctzenmeister Hans Schnitzbauer im voll besetzten \u201eSportlerst\u00fcberl\u201c die k\u00fcnftigen Farchanter Regenten proklamierte: Sch\u00fctzenk\u00f6nig 2023 wurde mit einem 34,1-Teiler Thomas Maurer, als Jungsch\u00fctzenk\u00f6nigin steht ihm dank eines 22,1-Teilers Magdalena Doll zur Seite. Maurer gewann auch mit 94 Ringen in der Seniorenklasse Luftgewehr die Meisterwertung, Doll gelang dies mit 83 Ringen in der Jugendklasse \u201efrei\u201c. In der Sch\u00fclerklasse \u201eaufgelegt\u201c behauptete sich Alea Huste (95 Ringe), in der Seniorenklasse \u201eaufgelegt\u201c gab es drei \u201e98er\u201c-Ergebnisse, Hans Hofmann hatte aber die beste Deckserie und platzierte sich so vor Georg Leitenbauer und Monika Reiser. Mit der Luftpistole gl\u00e4nzte Andreas \u00d6fner, der mit 94 Ringen und der besseren Deckserie auf Platz eins vor Thomas Maurer lag. \u00a0In der Sch\u00fctzenklasse \u201efrei\u201c dominierte eine weitere Dame: Ursula \u00d6fner verwies mit 98 Ringen Hans Schnitzbauer (96 Ringe) und Steffi Joner (94 Ringe) auf die Pl\u00e4tze zwei und drei. Ihr gelang zudem auf Gl\u00fcck das beste Blattl der Veranstaltung (11-Teiler) und sicherte sich so auch den kombiniert ausgeschossenen \u201eMatthias-Hibler-Ged\u00e4chtnispokal\u201c; der beim Anfang- und Endschie\u00dfen auf Punkt ausgelobte \u201eHartl-Schmid-Ged\u00e4chtnispokal\u201c ging ebenfalls in ihre H\u00e4nde. Au\u00dferdem erk\u00e4mpfte sie sich beim letzten Vortelschie\u00dfen mit 379 Ringen den \u201eVereinsmeisterpokal\u201c, den Jahresmeisterpokal jagte ihr Hans Schnitzbauer mit 373,5 Ringen im Schnitt ab. Ehrensch\u00fctzenmeister Hubert Klarwein gewann mit einem 19,9-Teiler die Siegerfahne auf \u201ePunkt\u201c, Georg Leitenbauer mit einem 23,7-Teiler auf \u201eHaupt\u201c. Die Eiferscheibe der Luftdruckwaffen holte sich mit einem 10,8-Teiler die Vorjahressiegerin und Stifterin Steffi Joner wieder, Georg Eitzenberger schaffte das mit einem 76,5-Teiler mit der KK-Sportpistole. Die Ehrenscheibe dieser Abteilung durfte Arnold Koch (258,4-Teiler) mit nach Hause nehmen. Ansonsten brillierte hier Karsten Amann: er lag mit einem 241,4-Teiler auf Punkt ganz oben, gewann die Meisterwertung mit 139 Ringen (auf 15 Schuss) und schnappte sich mit 272,7 Ringen im Schnitt den Jahresmeisterpokal. Vereinsmeister Sportpistole wurde Andreas \u00d6fner mit 270 Ringen, Urs Weidler mit 366 Ringen dasselbe mit der Luftpistole.<\/p>\n<p><img loading=\"lazy\" decoding=\"async\" class=\"alignnone size-large wp-image-766\" src=\"https:\/\/www.sgfarchant.de\/wp-content\/uploads\/2023\/04\/P1010841-Kopie-1024x768.jpg\" alt=\"\" width=\"625\" height=\"469\" srcset=\"https:\/\/www.sgfarchant.de\/wp-content\/uploads\/2023\/04\/P1010841-Kopie-1024x768.jpg 1024w, https:\/\/www.sgfarchant.de\/wp-content\/uploads\/2023\/04\/P1010841-Kopie-300x225.jpg 300w, https:\/\/www.sgfarchant.de\/wp-content\/uploads\/2023\/04\/P1010841-Kopie-768x576.jpg 768w, https:\/\/www.sgfarchant.de\/wp-content\/uploads\/2023\/04\/P1010841-Kopie-1536x1152.jpg 1536w, https:\/\/www.sgfarchant.de\/wp-content\/uploads\/2023\/04\/P1010841-Kopie-2048x1536.jpg 2048w, https:\/\/www.sgfarchant.de\/wp-content\/uploads\/2023\/04\/P1010841-Kopie-624x468.jpg 624w\" sizes=\"auto, (max-width: 625px) 100vw, 625px\" \/><\/p>\n<p>Sportpistole Jahresmeister:<br \/>\n<a href=\"https:\/\/www.sgfarchant.de\/wp-content\/uploads\/2023\/03\/SP-Jahresmeister-2022-23.pdf\" class=\"pdfemb-viewer\" style=\"\" data-width=\"max\" data-height=\"max\" data-toolbar=\"bottom\" data-toolbar-fixed=\"off\">SP Jahresmeister 2022-23<\/a><\/p>\n<p>Sportpistole Eifer Jahresmeister:<br \/>\n<a href=\"https:\/\/www.sgfarchant.de\/wp-content\/uploads\/2023\/03\/Sportpistole-Eifer-Jahresmeister-2022-23.pdf\" class=\"pdfemb-viewer\" style=\"\" data-width=\"max\" data-height=\"max\" data-toolbar=\"bottom\" data-toolbar-fixed=\"off\">Sportpistole Eifer Jahresmeister 2022-23<\/a><\/p>\n<p>Sportpistole Endschie\u00dfen Meister:<br \/>\n<a href=\"https:\/\/www.sgfarchant.de\/wp-content\/uploads\/2023\/03\/Endschiessen-SP-Meister-2022-2023.pdf\" class=\"pdfemb-viewer\" style=\"\" data-width=\"max\" data-height=\"max\" data-toolbar=\"bottom\" data-toolbar-fixed=\"off\">Endschie\u00dfen SP Meister 2022-2023<\/a><\/p>\n<p>Sportpistole Endschie\u00dfen Punkt:<br \/>\n<a href=\"https:\/\/www.sgfarchant.de\/wp-content\/uploads\/2023\/03\/Endschiessen-SP-Punkt-2022-2023.pdf\" class=\"pdfemb-viewer\" style=\"\" data-width=\"max\" data-height=\"max\" data-toolbar=\"bottom\" data-toolbar-fixed=\"off\">Endschie\u00dfen SP Punkt 2022-2023<\/a><\/p>\n<p>Sportpistole Endschie\u00dfen Ehrenscheibe:<br \/>\n<a href=\"https:\/\/www.sgfarchant.de\/wp-content\/uploads\/2023\/03\/Endschiessen-SP-Ehrenscheibe-2022-2023.pdf\" class=\"pdfemb-viewer\" style=\"\" data-width=\"max\" data-height=\"max\" data-toolbar=\"bottom\" data-toolbar-fixed=\"off\">Endschie\u00dfen SP Ehrenscheibe 2022-2023<\/a><\/p>\n<p>End- und K\u00f6nigsschie\u00dfen Luftpistole und Luftgewehr, Jahresmeister, Vereinsmeisterschaft und diverse Pokale:<br \/>\n<a href=\"https:\/\/www.sgfarchant.de\/wp-content\/uploads\/2023\/04\/Ergebnisse-End-und-Koenigschiessen-2023.pdf\" class=\"pdfemb-viewer\" style=\"\" data-width=\"max\" data-height=\"max\" data-toolbar=\"bottom\" data-toolbar-fixed=\"off\">Ergebnisse End-und K\u00f6nigschie\u00dfen 2023<\/a><\/p>\n<p>&nbsp;<\/p>\n","protected":false},"excerpt":{"rendered":"<p>End- und K\u00f6nigschie\u00dfen der Sch\u00fctzengesellschaft \u201eKuhflucht\u201c Farchant e.V. Gro\u00df war die Spannung unter den knapp 60 Teilnehmern, als 1. Sch\u00fctzenmeister Hans Schnitzbauer im voll besetzten \u201eSportlerst\u00fcberl\u201c die k\u00fcnftigen Farchanter Regenten proklamierte: Sch\u00fctzenk\u00f6nig 2023 wurde mit einem 34,1-Teiler Thomas Maurer, als Jungsch\u00fctzenk\u00f6nigin steht ihm dank eines 22,1-Teilers Magdalena Doll zur Seite. Maurer gewann auch mit 94 [&hellip;]<\/p>\n","protected":false},"author":2,"featured_media":0,"parent":596,"menu_order":2,"comment_status":"closed","ping_status":"closed","template":"","meta":{"footnotes":""},"class_list":["post-756","page","type-page","status-publish","hentry"],"_links":{"self":[{"href":"https:\/\/www.sgfarchant.de\/index.php?rest_route=\/wp\/v2\/pages\/756","targetHints":{"allow":["GET"]}}],"collection":[{"href":"https:\/\/www.sgfarchant.de\/index.php?rest_route=\/wp\/v2\/pages"}],"about":[{"href":"https:\/\/www.sgfarchant.de\/index.php?rest_route=\/wp\/v2\/types\/page"}],"author":[{"embeddable":true,"href":"https:\/\/www.sgfarchant.de\/index.php?rest_route=\/wp\/v2\/users\/2"}],"replies":[{"embeddable":true,"href":"https:\/\/www.sgfarchant.de\/index.php?rest_route=%2Fwp%2Fv2%2Fcomments&post=756"}],"version-history":[{"count":4,"href":"https:\/\/www.sgfarchant.de\/index.php?rest_route=\/wp\/v2\/pages\/756\/revisions"}],"predecessor-version":[{"id":770,"href":"https:\/\/www.sgfarchant.de\/index.php?rest_route=\/wp\/v2\/pages\/756\/revisions\/770"}],"up":[{"embeddable":true,"href":"https:\/\/www.sgfarchant.de\/index.php?rest_route=\/wp\/v2\/pages\/596"}],"wp:attachment":[{"href":"https:\/\/www.sgfarchant.de\/index.php?rest_route=%2Fwp%2Fv2%2Fmedia&parent=756"}],"curies":[{"name":"wp","href":"https:\/\/api.w.org\/{rel}","templated":true}]}}