{"id":592,"date":"2022-06-14T00:56:40","date_gmt":"2022-06-13T22:56:40","guid":{"rendered":"https:\/\/www.sgfarchant.de\/?page_id=592"},"modified":"2023-04-02T23:16:25","modified_gmt":"2023-04-02T21:16:25","slug":"endschiessen","status":"publish","type":"page","link":"https:\/\/www.sgfarchant.de\/?page_id=592","title":{"rendered":"End- und K\u00f6nigsschie\u00dfen 2022"},"content":{"rendered":"<p><strong><span style=\"font-size: 12pt;\">End- und K\u00f6nigschie\u00dfen der Sch\u00fctzengesellschaft \u201eKuhflucht\u201c Farchant e.V.<\/span><\/strong><\/p>\n<p><span style=\"font-size: 12pt;\">Trotz der langen Coronapause konnten die gut 60 Teilnehmer des End- und K\u00f6nigschie\u00dfens der Farchanter Sportsch\u00fctzen mit respektablen Ergebnissen aufwarten:<\/span><\/p>\n<p><span style=\"font-size: 12pt;\">Nach nur einem Jahr Pause schaffte es Sch\u00fctzenmeister Hans Schnitzbauer, zum 6. Mal Sch\u00fctzenk\u00f6nig der Farchanter zu werden. Voller Freude und Stolz \u00fcbernahm er bei der \u00fcberraschend gut besuchten Preisverteilung im \u201eSportlerst\u00fcberl\u201c die Insignien vom Vorjahressieger Urs Weidler. Auch den Titel des Vereinsmeister \u201eLuftgewehr 2022\u201c sicherte sich Hans Schnitzbauer mit 372 Ringen. Zum Jungsch\u00fctzenk\u00f6nig proklamiert wurde Andreas Buchwieser, der mit dem besten Blattl der Veranstaltung, einem 5,5-Teiler, unschlagbar war. Das h\u00f6chste Ringergebnis der Jungsch\u00fctzen jedoch erzielte Maximilian Strohmeier mit 96 Ringen, \u201eaufgelegt\u201c setzte sich bei den Sch\u00fcler Simon Schnitzbauer mit 91 Ringen mit beachtlichem Vorsprung an die Spitze. Erfolgreichster \u201eSenior\u201c mit dem Luftgewehr war Thomas Maurer mit 97 Ringen; in der Klasse \u201eLuftgewehr aufgelegt\u201c gl\u00e4nzte Hans Hofmann mit 98 Ringen vor Georg Leitenbauer (97 Ringe) und Monika Reiser (96 Ringe). In der offenen Klasse \u201eLuftpistole\u201c gings knapp her: mit 94 Ringen und der besseren Deckserie gewann Urs Weidler vor Andreas \u00d6fner (ebenfalls 94 Ringe). Erfolgreichste in der Sch\u00fctzenklasse war Ursula \u00d6fner mit 95 Ringen; ihr fiel auch das beste \u201ePunktblattl\u201c mit einem 11,1-Teiler \u2013 dies bescherte ihr den Gewinn des \u201eHartl-Schmid-Ged\u00e4chtnispokals\u201c. Den kombiniert ausgeschossenen \u201eMatthias-Hibler-Ged\u00e4chtnispokal\u201c erk\u00e4mpfte sie sich durch zwei gute Serien und ein gutes Blatt auf \u201eGl\u00fcck\u201c. Das beste Gl\u00fcckblattl (22,4-Teiler) jedoch gelang Stephan Oellinger, die Siegerfahne f\u00fcr \u201eHaupt\u201c ging mit einem 43,1-Teiler an Josef \u00d6ttl jun.. Die Eiferscheibe der Luftgewehrsch\u00fctzen nahm Steffi Joner (20,5-Teiler) mit nach Hause; bei der Abteilung Sportpistole freute sich Andreas \u00d6fner (298,4-Teiler) \u00fcber die Eiferscheibe. Den sch\u00f6nsten Tiefschuss mit der Sportpistole lieferte Thomas Maurer (113,4-Teiler) ab; die Ehrenscheibe dieser Sparte kam in die H\u00e4nde von Urs Weidler (800,8 Teiler), dessen Ergebnis von 140 Ringen auf der Meisterscheibe nur von Wolfgang Gauglitz mit 144 Ringen geschlagen wurde; Gauglitz zeigte seine gute Form auch bei den Vereinsmeisterschaften f\u00fcr Sportpistole, wo er mit 279 Ringen deutlich vor Andreas \u00d6fner (270 Ringe) und Karsten Amann (268 Ringe) lag.<\/span><\/p>\n<p><img loading=\"lazy\" decoding=\"async\" class=\"alignnone wp-image-601 size-large\" src=\"https:\/\/www.sgfarchant.de\/wp-content\/uploads\/2022\/06\/End-Koenig-2022-1024x768.jpg\" alt=\"\" width=\"625\" height=\"469\" srcset=\"https:\/\/www.sgfarchant.de\/wp-content\/uploads\/2022\/06\/End-Koenig-2022-1024x768.jpg 1024w, https:\/\/www.sgfarchant.de\/wp-content\/uploads\/2022\/06\/End-Koenig-2022-300x225.jpg 300w, https:\/\/www.sgfarchant.de\/wp-content\/uploads\/2022\/06\/End-Koenig-2022-768x576.jpg 768w, https:\/\/www.sgfarchant.de\/wp-content\/uploads\/2022\/06\/End-Koenig-2022-1536x1152.jpg 1536w, https:\/\/www.sgfarchant.de\/wp-content\/uploads\/2022\/06\/End-Koenig-2022-624x468.jpg 624w, https:\/\/www.sgfarchant.de\/wp-content\/uploads\/2022\/06\/End-Koenig-2022.jpg 2048w\" sizes=\"auto, (max-width: 625px) 100vw, 625px\" \/><\/p>\n<a href=\"https:\/\/www.sgfarchant.de\/wp-content\/uploads\/2022\/06\/Ergebnisse-End-und-Koenigschiessen-2022.pdf\" class=\"pdfemb-viewer\" style=\"\" data-width=\"max\" data-height=\"max\" data-toolbar=\"bottom\" data-toolbar-fixed=\"off\">Ergebnisse End-und K\u00f6nigschie\u00dfen 2022<\/a>\n<a href=\"https:\/\/www.sgfarchant.de\/wp-content\/uploads\/2022\/06\/Vereinsmeister-2022.pdf\" class=\"pdfemb-viewer\" style=\"\" data-width=\"max\" data-height=\"max\" data-toolbar=\"bottom\" data-toolbar-fixed=\"off\">Vereinsmeister 2022<\/a>\n<a href=\"https:\/\/www.sgfarchant.de\/wp-content\/uploads\/2022\/06\/Endschiessen-Sportpistple-Punkt-2021-22.pdf\" class=\"pdfemb-viewer\" style=\"\" data-width=\"max\" data-height=\"max\" data-toolbar=\"bottom\" data-toolbar-fixed=\"off\">Endschie\u00dfen Sportpistple Punkt 2021-22<\/a>\n<a href=\"https:\/\/www.sgfarchant.de\/wp-content\/uploads\/2022\/06\/Eiferscheine-und-Preise.pdf\" class=\"pdfemb-viewer\" style=\"\" data-width=\"max\" data-height=\"max\" data-toolbar=\"bottom\" data-toolbar-fixed=\"off\">Eiferscheine und Preise<\/a>\n<a href=\"https:\/\/www.sgfarchant.de\/wp-content\/uploads\/2022\/06\/Endschiessen-Sportpistple-Ehrenscheibe-2021-22.pdf\" class=\"pdfemb-viewer\" style=\"\" data-width=\"max\" data-height=\"max\" data-toolbar=\"bottom\" data-toolbar-fixed=\"off\">Endschie\u00dfen Sportpistple Ehrenscheibe 2021-22<\/a>\n<a href=\"https:\/\/www.sgfarchant.de\/wp-content\/uploads\/2022\/06\/Endschiessen-Sportpistple-Meiste-2021-22.pdf\" class=\"pdfemb-viewer\" style=\"\" data-width=\"max\" data-height=\"max\" data-toolbar=\"bottom\" data-toolbar-fixed=\"off\">Endschie\u00dfen Sportpistple Meiste 2021-22<\/a>\n<p>&nbsp;<\/p>\n","protected":false},"excerpt":{"rendered":"<p>End- und K\u00f6nigschie\u00dfen der Sch\u00fctzengesellschaft \u201eKuhflucht\u201c Farchant e.V. Trotz der langen Coronapause konnten die gut 60 Teilnehmer des End- und K\u00f6nigschie\u00dfens der Farchanter Sportsch\u00fctzen mit respektablen Ergebnissen aufwarten: Nach nur einem Jahr Pause schaffte es Sch\u00fctzenmeister Hans Schnitzbauer, zum 6. Mal Sch\u00fctzenk\u00f6nig der Farchanter zu werden. Voller Freude und Stolz \u00fcbernahm er bei der \u00fcberraschend [&hellip;]<\/p>\n","protected":false},"author":2,"featured_media":0,"parent":596,"menu_order":1,"comment_status":"closed","ping_status":"closed","template":"","meta":{"footnotes":""},"class_list":["post-592","page","type-page","status-publish","hentry"],"_links":{"self":[{"href":"https:\/\/www.sgfarchant.de\/index.php?rest_route=\/wp\/v2\/pages\/592","targetHints":{"allow":["GET"]}}],"collection":[{"href":"https:\/\/www.sgfarchant.de\/index.php?rest_route=\/wp\/v2\/pages"}],"about":[{"href":"https:\/\/www.sgfarchant.de\/index.php?rest_route=\/wp\/v2\/types\/page"}],"author":[{"embeddable":true,"href":"https:\/\/www.sgfarchant.de\/index.php?rest_route=\/wp\/v2\/users\/2"}],"replies":[{"embeddable":true,"href":"https:\/\/www.sgfarchant.de\/index.php?rest_route=%2Fwp%2Fv2%2Fcomments&post=592"}],"version-history":[{"count":6,"href":"https:\/\/www.sgfarchant.de\/index.php?rest_route=\/wp\/v2\/pages\/592\/revisions"}],"predecessor-version":[{"id":769,"href":"https:\/\/www.sgfarchant.de\/index.php?rest_route=\/wp\/v2\/pages\/592\/revisions\/769"}],"up":[{"embeddable":true,"href":"https:\/\/www.sgfarchant.de\/index.php?rest_route=\/wp\/v2\/pages\/596"}],"wp:attachment":[{"href":"https:\/\/www.sgfarchant.de\/index.php?rest_route=%2Fwp%2Fv2%2Fmedia&parent=592"}],"curies":[{"name":"wp","href":"https:\/\/api.w.org\/{rel}","templated":true}]}}