{"id":56,"date":"2020-02-18T00:05:28","date_gmt":"2020-02-17T23:05:28","guid":{"rendered":"http:\/\/sgfarchant.de\/?page_id=56"},"modified":"2024-10-13T00:27:55","modified_gmt":"2024-10-12T22:27:55","slug":"starseite","status":"publish","type":"page","link":"https:\/\/www.sgfarchant.de\/?page_id=56","title":{"rendered":"\u00fcber uns"},"content":{"rendered":"<p><span style=\"font-size: 12pt; color: #000000;\"><strong>Die Sch\u00fctzengesellschaft und ihre Mitglieder<\/strong><\/span><\/p>\n<p><span style=\"color: #000000; font-size: 12pt;\">Unser Sch\u00fctzenverein ist ein Mitglied des Sch\u00fctzengaues Werdenfels.<br \/>\n<\/span><br \/>\n<span style=\"font-size: 12pt; color: #000000;\">Zurzeit hat unser Verein 240 Mitglieder und ist somit der gr\u00f6\u00dfte Verein im Sch\u00fctzengau Werdenfels. Von den 240 Mitgliedern sind 204 als Erstmitglieder und 36 als Zweitmitglieder gemeldet.<\/span><\/p>\n<p><span style=\"color: #000000; font-size: 12pt;\">Der Verein wurde im Jahre 1899 gegr\u00fcndet. Seit dieser Zeit hat sich der Schie\u00dfsport sehr gewandelt.<\/span><\/p>\n<p><span style=\"color: #000000; font-size: 12pt;\">So hat dieser Wandel auch dazu gef\u00fchrt, dass die R\u00e4umlichkeiten in der Schie\u00dfanlage nicht mehr ausreichten.<\/span><br \/>\n<span style=\"color: #000000; font-size: 12pt;\">Von 1998 bis 2001 entstand so der neue unterirdische 50 m Schie\u00dfstand im Sportzentrum.<\/span><\/p>\n<p><span style=\"color: #000000; font-size: 12pt;\">Auf dieser Schiessanlage ist das Schie\u00dfen mit fast allen Waffen m\u00f6glich.<\/span><\/p>\n<p><span style=\"color: #000000; font-size: 12pt;\">Der Verein ist sehr stolz darauf, dass der Bau der Anlage ausschlie\u00dflich durch Eigenleistung, mit ca. 13.500 Arbeitsstunden, durchgef\u00fchrt wurde.<\/span><\/p>\n<p><span style=\"color: #000000; font-size: 12pt;\">Auch die Finanzierung wurde ausschlie\u00dflich durch den Verein bew\u00e4ltigt.<\/span><\/p>\n<p><span style=\"color: #000000; font-size: 12pt;\">Nat\u00fcrlich w\u00e4re dieses Vorhaben nicht ohne die Bereitstellung des Baugrundes durch die Gemeinde Farchant m\u00f6glich gewesen.<\/p>\n<p>Im August \/ September 2024 wurde der Gescho\u00dffang auf ein modernes System mit Granulat umgebaut. Die Planung und der Umbau erfolgten in Eigenleistung.<\/span><\/p>\n<p><img loading=\"lazy\" decoding=\"async\" class=\"alignnone wp-image-1268\" src=\"https:\/\/www.sgfarchant.de\/wp-content\/uploads\/2024\/10\/k-20240924_205143-300x169.jpg\" alt=\"\" width=\"600\" height=\"338\" srcset=\"https:\/\/www.sgfarchant.de\/wp-content\/uploads\/2024\/10\/k-20240924_205143-300x169.jpg 300w, https:\/\/www.sgfarchant.de\/wp-content\/uploads\/2024\/10\/k-20240924_205143-768x432.jpg 768w, https:\/\/www.sgfarchant.de\/wp-content\/uploads\/2024\/10\/k-20240924_205143-624x351.jpg 624w, https:\/\/www.sgfarchant.de\/wp-content\/uploads\/2024\/10\/k-20240924_205143.jpg 1024w\" sizes=\"auto, (max-width: 600px) 100vw, 600px\" \/><\/p>\n<p>&nbsp;<\/p>\n<p><span style=\"color: #000000; font-size: 12pt;\">Weitere Informationen zum Sch\u00fctzengau Werdenfels finden Sie unter:<\/span><\/p>\n<p><a href=\"https:\/\/www.gauwerdenfels.de\/\" target=\"_blank\" rel=\"noopener\"><span style=\"font-size: 12pt;\">https:\/\/www.gauwerdenfels.de\/<\/span><\/a><\/p>\n","protected":false},"excerpt":{"rendered":"<p>Die Sch\u00fctzengesellschaft und ihre Mitglieder Unser Sch\u00fctzenverein ist ein Mitglied des Sch\u00fctzengaues Werdenfels. Zurzeit hat unser Verein 240 Mitglieder und ist somit der gr\u00f6\u00dfte Verein im Sch\u00fctzengau Werdenfels. Von den 240 Mitgliedern sind 204 als Erstmitglieder und 36 als Zweitmitglieder gemeldet. Der Verein wurde im Jahre 1899 gegr\u00fcndet. Seit dieser Zeit hat sich der Schie\u00dfsport [&hellip;]<\/p>\n","protected":false},"author":2,"featured_media":0,"parent":0,"menu_order":0,"comment_status":"closed","ping_status":"closed","template":"","meta":{"footnotes":""},"class_list":["post-56","page","type-page","status-publish","hentry"],"_links":{"self":[{"href":"https:\/\/www.sgfarchant.de\/index.php?rest_route=\/wp\/v2\/pages\/56","targetHints":{"allow":["GET"]}}],"collection":[{"href":"https:\/\/www.sgfarchant.de\/index.php?rest_route=\/wp\/v2\/pages"}],"about":[{"href":"https:\/\/www.sgfarchant.de\/index.php?rest_route=\/wp\/v2\/types\/page"}],"author":[{"embeddable":true,"href":"https:\/\/www.sgfarchant.de\/index.php?rest_route=\/wp\/v2\/users\/2"}],"replies":[{"embeddable":true,"href":"https:\/\/www.sgfarchant.de\/index.php?rest_route=%2Fwp%2Fv2%2Fcomments&post=56"}],"version-history":[{"count":18,"href":"https:\/\/www.sgfarchant.de\/index.php?rest_route=\/wp\/v2\/pages\/56\/revisions"}],"predecessor-version":[{"id":1270,"href":"https:\/\/www.sgfarchant.de\/index.php?rest_route=\/wp\/v2\/pages\/56\/revisions\/1270"}],"wp:attachment":[{"href":"https:\/\/www.sgfarchant.de\/index.php?rest_route=%2Fwp%2Fv2%2Fmedia&parent=56"}],"curies":[{"name":"wp","href":"https:\/\/api.w.org\/{rel}","templated":true}]}}