{"id":34,"date":"2020-02-18T00:00:17","date_gmt":"2020-02-17T23:00:17","guid":{"rendered":"http:\/\/sgfarchant.de\/?page_id=34"},"modified":"2026-01-03T00:35:34","modified_gmt":"2026-01-02T23:35:34","slug":"winchester","status":"publish","type":"page","link":"https:\/\/www.sgfarchant.de\/?page_id=34","title":{"rendered":"VM Winchester"},"content":{"rendered":"<p><strong>Vereinsmeisterschaften Winchester 2025<\/strong><\/p>\n<p>Zwischen den Jahren trafen sich 38 Farchanter Sch\u00fctzen im Sportzentrum, um mit dem f\u00fcr die meisten ungewohnten Winchester-Gewehr ihre Vereinsmeister und eine zur Disziplin passende Ehrenscheibe auszuschie\u00dfen. Diese gefiel Michael Klarwein jun. so gut, dass er sofort bemerkte: \u201edas wird meine!\u201c Und tats\u00e4chlich war ihm das Gl\u00fcck hold: er schnappte sie sich knapp vor Ilona Schrettenbrunner und Ursula \u00d6fner. Die Titel der Vereinsmeister gingen allerdings an Johannes R\u00f6ckl (Jugend) mit 32 Ringen, Arnold Koch (aufgelegt) mit 45 Ringen und Wolfgang Gauglitz (allgemeine Klasse Freihand) mit 39 Ringen. Bei einer deftigen Brotzeit und edlem Whiskey wurden die Sieger nach der Preisverteilung noch ausgiebig gefeiert.<\/p>\n<p><img loading=\"lazy\" decoding=\"async\" class=\"alignnone size-large wp-image-1572\" src=\"https:\/\/www.sgfarchant.de\/wp-content\/uploads\/2026\/01\/Siegerfoto-VM-Win-2025-1024x649.jpg\" alt=\"\" width=\"625\" height=\"396\" srcset=\"https:\/\/www.sgfarchant.de\/wp-content\/uploads\/2026\/01\/Siegerfoto-VM-Win-2025-1024x649.jpg 1024w, https:\/\/www.sgfarchant.de\/wp-content\/uploads\/2026\/01\/Siegerfoto-VM-Win-2025-300x190.jpg 300w, https:\/\/www.sgfarchant.de\/wp-content\/uploads\/2026\/01\/Siegerfoto-VM-Win-2025-768x487.jpg 768w, https:\/\/www.sgfarchant.de\/wp-content\/uploads\/2026\/01\/Siegerfoto-VM-Win-2025-100x63.jpg 100w, https:\/\/www.sgfarchant.de\/wp-content\/uploads\/2026\/01\/Siegerfoto-VM-Win-2025-1536x974.jpg 1536w, https:\/\/www.sgfarchant.de\/wp-content\/uploads\/2026\/01\/Siegerfoto-VM-Win-2025-2048x1299.jpg 2048w, https:\/\/www.sgfarchant.de\/wp-content\/uploads\/2026\/01\/Siegerfoto-VM-Win-2025-624x396.jpg 624w\" sizes=\"auto, (max-width: 625px) 100vw, 625px\" \/><\/p>\n<a href=\"https:\/\/www.sgfarchant.de\/wp-content\/uploads\/2026\/01\/Ergebnis-VM-Winchester-2025.pdf\" class=\"pdfemb-viewer\" style=\"\" data-width=\"max\" data-height=\"max\" data-toolbar=\"bottom\" data-toolbar-fixed=\"off\">Ergebnis VM Winchester 2025<\/a>\n<p>&nbsp;<\/p>\n<p>&nbsp;<\/p>\n<p><strong>Vereinsmeisterschaften Winchester 2024<\/strong><\/p>\n<p>Doppelsieg f\u00fcr Andreas \u00d6fner<\/p>\n<p>Ein beliebter L\u00fcckenf\u00fcller zwischen den Feiertagen ist seit vielen Jahren bei den Farchanter Sch\u00fctzen die Vereinsmeisterschaft \u201eWinchester\u201c, zu der heuer 36 Teilnehmer am vereinseignen Schie\u00dfstand im Sportzentrum antraten. Nachdem alle Damen und Herren die 10 Schuss mehr oder weniger erfolgreich auf der Wertungsscheibe platziert hatten, standen die Sieger fest: In der Freihand geschossenen Klasse sicherte sich Routinier Andreas \u00d6fner mit 36 Ringen den Titel des Vereinsmeisters; mit auf\u2019s Siegerpodest durften Michael Klarwein jun. (33 Ringe) und Franz \u00d6fner (32 Ringe). In der Jugendklasse bewies Johannes R\u00f6ckl mit 33 Ringen seine Treffsicherheit, Martin Bertl freute sich \u00fcber 19 Ringe. Die Senioren schossen aufgelegt; hier lag Hans Stichlmeier mit 48 Ringen deutlich an der Spitze, Hubert Klarwein wurde mit 44 Ringen zweiter, Arnold Koch lag auf Rang 3 mit 43 Ringen. Die begehrte Ehrenscheibe durfte Andreas \u00d6fner mit nach Hause nehmen. Nach der Preisverteilung erfreuten sich alle Mitstreiter an der zur Waffengattung passenden deftigen Verpflegung.<\/p>\n<p><img loading=\"lazy\" decoding=\"async\" class=\"alignnone size-full wp-image-1369\" src=\"https:\/\/www.sgfarchant.de\/wp-content\/uploads\/2025\/01\/VM-Winchester-2024.jpg\" alt=\"\" width=\"576\" height=\"720\" srcset=\"https:\/\/www.sgfarchant.de\/wp-content\/uploads\/2025\/01\/VM-Winchester-2024.jpg 576w, https:\/\/www.sgfarchant.de\/wp-content\/uploads\/2025\/01\/VM-Winchester-2024-240x300.jpg 240w\" sizes=\"auto, (max-width: 576px) 100vw, 576px\" \/><\/p>\n<a href=\"https:\/\/www.sgfarchant.de\/wp-content\/uploads\/2025\/01\/VM-Winchester-2024.pdf\" class=\"pdfemb-viewer\" style=\"\" data-width=\"max\" data-height=\"max\" data-toolbar=\"bottom\" data-toolbar-fixed=\"off\">VM Winchester 2024<\/a>\n<p>&nbsp;<\/p>\n<p><strong><span style=\"font-size: 12pt;\">Vereinsmeisterschaft Winchester 2023<\/span><\/strong><\/p>\n<a href=\"https:\/\/www.sgfarchant.de\/wp-content\/uploads\/2024\/01\/VM_Win_23.pdf\" class=\"pdfemb-viewer\" style=\"\" data-width=\"max\" data-height=\"max\" data-toolbar=\"bottom\" data-toolbar-fixed=\"off\">VM_Win_23<\/a>\n<p>\u00dcber 40 Teilnehmer kamen zwischen den Feiertagen auf dem Farchanter Schie\u00dfstand zusammen, um mit den Unterhebelrepetiergewehren ihren Vereinsmeister \u201eWinchester\u201c auszuschie\u00dfen. Seriensieger Andreas \u00d6fner musste diesmal den Titel an eine Dame abgeben: Manuela Voja erzielte frei stehend 42 Ringe, \u00d6fner lag mit 41 knapp dahinter, das Stockerl komplettierte Walter Brinkmann mit 39 Ringen. In der Seniorenklasse wurde aufgelegt geschossen; dies gelang Arnold Koch am besten: er konnte satte 46 Ringe vorweisen, Ilona Schrettenbrunner 43 und Hans Stichlmeier 42. Die Juniorenwertung entschied Hannes R\u00f6ckl klar mit 16 Ringen f\u00fcr sich, Martin Bertl und Jasmin Kosytorz lagen mit jeweils 10 Ringen auf den Pl\u00e4tzen zwei und drei. Die Ehrenscheibe mit passendem Westernmotiv durfte Hans Stichlmeier mit nach Hause nehmen. Die gelungene Veranstaltung wurde, wie schon in den Jahren davor, mit einem gemeinsamen deftig-pikanten Imbiss delikat abgerundet.<\/p>\n<p><img loading=\"lazy\" decoding=\"async\" class=\"alignnone size-medium wp-image-906\" src=\"https:\/\/www.sgfarchant.de\/wp-content\/uploads\/2024\/01\/IMG-20231230-WA0003-300x225.jpg\" alt=\"\" width=\"300\" height=\"225\" srcset=\"https:\/\/www.sgfarchant.de\/wp-content\/uploads\/2024\/01\/IMG-20231230-WA0003-300x225.jpg 300w, https:\/\/www.sgfarchant.de\/wp-content\/uploads\/2024\/01\/IMG-20231230-WA0003-1024x768.jpg 1024w, https:\/\/www.sgfarchant.de\/wp-content\/uploads\/2024\/01\/IMG-20231230-WA0003-768x576.jpg 768w, https:\/\/www.sgfarchant.de\/wp-content\/uploads\/2024\/01\/IMG-20231230-WA0003-1536x1152.jpg 1536w, https:\/\/www.sgfarchant.de\/wp-content\/uploads\/2024\/01\/IMG-20231230-WA0003-624x468.jpg 624w, https:\/\/www.sgfarchant.de\/wp-content\/uploads\/2024\/01\/IMG-20231230-WA0003.jpg 1600w\" sizes=\"auto, (max-width: 300px) 100vw, 300px\" \/><\/p>\n<p>Zum Bild:<br \/>\nVon links nach rechts:<br \/>\nDie gl\u00fccklichen Gewinner Hans Stichlmeier, Manuela Voja und Arnold Koch<\/p>\n<p>&nbsp;<\/p>\n<p>&nbsp;<\/p>\n<p><strong><span style=\"font-size: 12pt;\">Vereinsmeisterschaft Winchester 2022<\/span><\/strong><\/p>\n<a href=\"https:\/\/www.sgfarchant.de\/wp-content\/uploads\/2022\/12\/VM-Winchester.pdf\" class=\"pdfemb-viewer\" style=\"\" data-width=\"max\" data-height=\"max\" data-toolbar=\"bottom\" data-toolbar-fixed=\"off\">VM Winchester<\/a>\n<p>&nbsp;<\/p>\n<table border=\"0\" width=\"354\" cellspacing=\"0\" cellpadding=\"0\">\n<tbody>\n<tr>\n<td width=\"54\" height=\"17\"><\/td>\n<td colspan=\"3\" width=\"300\"><span style=\"font-size: 12pt; color: #000000;\">Vereinsmeisterschaft Winchester 2019<\/span><\/td>\n<\/tr>\n<tr>\n<td height=\"17\"><\/td>\n<td><span style=\"font-size: 12pt; color: #000000;\">am 28.12.2019<\/span><\/td>\n<td><\/td>\n<td><\/td>\n<\/tr>\n<tr>\n<td height=\"17\"><\/td>\n<td><\/td>\n<td><\/td>\n<td><\/td>\n<\/tr>\n<tr>\n<td height=\"17\"><span style=\"font-size: 12pt; color: #000000;\">1<\/span><\/td>\n<td><span style=\"font-size: 12pt; color: #000000;\">Klarwein<\/span><\/td>\n<td><span style=\"font-size: 12pt; color: #000000;\">Michael sen.<\/span><\/td>\n<td><span style=\"font-size: 12pt; color: #000000;\">43<\/span><\/td>\n<\/tr>\n<tr>\n<td height=\"17\"><span style=\"font-size: 12pt; color: #000000;\">2<\/span><\/td>\n<td><span style=\"font-size: 12pt; color: #000000;\">Oellinger<\/span><\/td>\n<td><span style=\"font-size: 12pt; color: #000000;\">Thomas<\/span><\/td>\n<td><span style=\"font-size: 12pt; color: #000000;\">41<\/span><\/td>\n<\/tr>\n<tr>\n<td height=\"17\"><span style=\"font-size: 12pt; color: #000000;\">3<\/span><\/td>\n<td><span style=\"font-size: 12pt; color: #000000;\">Schnitzbauer<\/span><\/td>\n<td><span style=\"font-size: 12pt; color: #000000;\">Hans<\/span><\/td>\n<td><span style=\"font-size: 12pt; color: #000000;\">40<\/span><\/td>\n<\/tr>\n<tr>\n<td height=\"17\"><span style=\"font-size: 12pt; color: #000000;\">4<\/span><\/td>\n<td><span style=\"font-size: 12pt; color: #000000;\">Gauglitz<\/span><\/td>\n<td><span style=\"font-size: 12pt; color: #000000;\">Wolfgang<\/span><\/td>\n<td><span style=\"font-size: 12pt; color: #000000;\">40<\/span><\/td>\n<\/tr>\n<tr>\n<td height=\"17\"><span style=\"font-size: 12pt; color: #000000;\">5<\/span><\/td>\n<td><span style=\"font-size: 12pt; color: #000000;\">\u00d6fner<\/span><\/td>\n<td><span style=\"font-size: 12pt; color: #000000;\">Andreas<\/span><\/td>\n<td><span style=\"font-size: 12pt; color: #000000;\">39<\/span><\/td>\n<\/tr>\n<tr>\n<td height=\"17\"><span style=\"font-size: 12pt; color: #000000;\">6<\/span><\/td>\n<td><span style=\"font-size: 12pt; color: #000000;\">Klarwein<\/span><\/td>\n<td><span style=\"font-size: 12pt; color: #000000;\">Michael jun.<\/span><\/td>\n<td><span style=\"font-size: 12pt; color: #000000;\">37<\/span><\/td>\n<\/tr>\n<tr>\n<td height=\"17\"><span style=\"font-size: 12pt; color: #000000;\">7<\/span><\/td>\n<td><span style=\"font-size: 12pt; color: #000000;\">\u00d6fner<\/span><\/td>\n<td><span style=\"font-size: 12pt; color: #000000;\">Ursula<\/span><\/td>\n<td><span style=\"font-size: 12pt; color: #000000;\">37<\/span><\/td>\n<\/tr>\n<tr>\n<td height=\"17\"><span style=\"font-size: 12pt; color: #000000;\">8<\/span><\/td>\n<td><span style=\"font-size: 12pt; color: #000000;\">Weidler<\/span><\/td>\n<td><span style=\"font-size: 12pt; color: #000000;\">Urs<\/span><\/td>\n<td><span style=\"font-size: 12pt; color: #000000;\">35<\/span><\/td>\n<\/tr>\n<tr>\n<td height=\"17\"><span style=\"font-size: 12pt; color: #000000;\">9<\/span><\/td>\n<td><span style=\"font-size: 12pt; color: #000000;\">Zscharschuch<\/span><\/td>\n<td><span style=\"font-size: 12pt; color: #000000;\">Elke<\/span><\/td>\n<td><span style=\"font-size: 12pt; color: #000000;\">35<\/span><\/td>\n<\/tr>\n<tr>\n<td height=\"17\"><span style=\"font-size: 12pt; color: #000000;\">10<\/span><\/td>\n<td><span style=\"font-size: 12pt; color: #000000;\">Amann<\/span><\/td>\n<td><span style=\"font-size: 12pt; color: #000000;\">Karsten<\/span><\/td>\n<td><span style=\"font-size: 12pt; color: #000000;\">34<\/span><\/td>\n<\/tr>\n<tr>\n<td height=\"17\"><span style=\"font-size: 12pt; color: #000000;\">11<\/span><\/td>\n<td><span style=\"font-size: 12pt; color: #000000;\">Oellinger<\/span><\/td>\n<td><span style=\"font-size: 12pt; color: #000000;\">Stephan<\/span><\/td>\n<td><span style=\"font-size: 12pt; color: #000000;\">34<\/span><\/td>\n<\/tr>\n<tr>\n<td height=\"17\"><span style=\"font-size: 12pt; color: #000000;\">12<\/span><\/td>\n<td><span style=\"font-size: 12pt; color: #000000;\">Ziegler<\/span><\/td>\n<td><span style=\"font-size: 12pt; color: #000000;\">Alexander<\/span><\/td>\n<td><span style=\"font-size: 12pt; color: #000000;\">34<\/span><\/td>\n<\/tr>\n<tr>\n<td height=\"17\"><span style=\"font-size: 12pt; color: #000000;\">13<\/span><\/td>\n<td><span style=\"font-size: 12pt; color: #000000;\">Klarwein<\/span><\/td>\n<td><span style=\"font-size: 12pt; color: #000000;\">Hubert sen.<\/span><\/td>\n<td><span style=\"font-size: 12pt; color: #000000;\">31<\/span><\/td>\n<\/tr>\n<tr>\n<td height=\"17\"><span style=\"font-size: 12pt; color: #000000;\">14<\/span><\/td>\n<td><span style=\"font-size: 12pt; color: #000000;\">Pleyer<\/span><\/td>\n<td><span style=\"font-size: 12pt; color: #000000;\">Franz<\/span><\/td>\n<td><span style=\"font-size: 12pt; color: #000000;\">30<\/span><\/td>\n<\/tr>\n<tr>\n<td height=\"17\"><span style=\"font-size: 12pt; color: #000000;\">15<\/span><\/td>\n<td><span style=\"font-size: 12pt; color: #000000;\">Eitzenberger<\/span><\/td>\n<td><span style=\"font-size: 12pt; color: #000000;\">Georg<\/span><\/td>\n<td><span style=\"font-size: 12pt; color: #000000;\">30<\/span><\/td>\n<\/tr>\n<tr>\n<td height=\"17\"><span style=\"font-size: 12pt; color: #000000;\">16<\/span><\/td>\n<td><span style=\"font-size: 12pt; color: #000000;\">Espey<\/span><\/td>\n<td><span style=\"font-size: 12pt; color: #000000;\">Konrad<\/span><\/td>\n<td><span style=\"font-size: 12pt; color: #000000;\">30<\/span><\/td>\n<\/tr>\n<tr>\n<td height=\"17\"><span style=\"font-size: 12pt; color: #000000;\">17<\/span><\/td>\n<td><span style=\"font-size: 12pt; color: #000000;\">Brinkmann<\/span><\/td>\n<td><span style=\"font-size: 12pt; color: #000000;\">Walter<\/span><\/td>\n<td><span style=\"font-size: 12pt; color: #000000;\">29<\/span><\/td>\n<\/tr>\n<tr>\n<td height=\"17\"><span style=\"font-size: 12pt; color: #000000;\">18<\/span><\/td>\n<td><span style=\"font-size: 12pt; color: #000000;\">Stichlmeier<\/span><\/td>\n<td><span style=\"font-size: 12pt; color: #000000;\">Johann<\/span><\/td>\n<td><span style=\"font-size: 12pt; color: #000000;\">29<\/span><\/td>\n<\/tr>\n<tr>\n<td height=\"17\"><span style=\"font-size: 12pt; color: #000000;\">19<\/span><\/td>\n<td><span style=\"font-size: 12pt; color: #000000;\">Ruf<\/span><\/td>\n<td><span style=\"font-size: 12pt; color: #000000;\">Johann<\/span><\/td>\n<td><span style=\"font-size: 12pt; color: #000000;\">28<\/span><\/td>\n<\/tr>\n<tr>\n<td height=\"17\"><span style=\"font-size: 12pt; color: #000000;\">20<\/span><\/td>\n<td><span style=\"font-size: 12pt; color: #000000;\">\u00d6fner<\/span><\/td>\n<td><span style=\"font-size: 12pt; color: #000000;\">Franz<\/span><\/td>\n<td><span style=\"font-size: 12pt; color: #000000;\">27<\/span><\/td>\n<\/tr>\n<tr>\n<td height=\"17\"><span style=\"font-size: 12pt; color: #000000;\">21<\/span><\/td>\n<td><span style=\"font-size: 12pt; color: #000000;\">Klarwein<\/span><\/td>\n<td><span style=\"font-size: 12pt; color: #000000;\">Rosemarie<\/span><\/td>\n<td><span style=\"font-size: 12pt; color: #000000;\">26<\/span><\/td>\n<\/tr>\n<tr>\n<td height=\"17\"><span style=\"font-size: 12pt; color: #000000;\">22<\/span><\/td>\n<td><span style=\"font-size: 12pt; color: #000000;\">R\u00f6ckl<\/span><\/td>\n<td><span style=\"font-size: 12pt; color: #000000;\">Hannes<\/span><\/td>\n<td><span style=\"font-size: 12pt; color: #000000;\">26<\/span><\/td>\n<\/tr>\n<tr>\n<td height=\"17\"><span style=\"font-size: 12pt; color: #000000;\">23<\/span><\/td>\n<td><span style=\"font-size: 12pt; color: #000000;\">Reiser<\/span><\/td>\n<td><span style=\"font-size: 12pt; color: #000000;\">Robert<\/span><\/td>\n<td><span style=\"font-size: 12pt; color: #000000;\">25<\/span><\/td>\n<\/tr>\n<tr>\n<td height=\"17\"><span style=\"font-size: 12pt; color: #000000;\">24<\/span><\/td>\n<td><span style=\"font-size: 12pt; color: #000000;\">Pelke<\/span><\/td>\n<td><span style=\"font-size: 12pt; color: #000000;\">Mandy<\/span><\/td>\n<td><span style=\"font-size: 12pt; color: #000000;\">25<\/span><\/td>\n<\/tr>\n<tr>\n<td height=\"17\"><span style=\"font-size: 12pt; color: #000000;\">25<\/span><\/td>\n<td><span style=\"font-size: 12pt; color: #000000;\">Voja<\/span><\/td>\n<td><span style=\"font-size: 12pt; color: #000000;\">Manuela<\/span><\/td>\n<td><span style=\"font-size: 12pt; color: #000000;\">23<\/span><\/td>\n<\/tr>\n<tr>\n<td height=\"17\"><span style=\"font-size: 12pt; color: #000000;\">26<\/span><\/td>\n<td><span style=\"font-size: 12pt; color: #000000;\">Bertl<\/span><\/td>\n<td><span style=\"font-size: 12pt; color: #000000;\">Michael<\/span><\/td>\n<td><span style=\"font-size: 12pt; color: #000000;\">18<\/span><\/td>\n<\/tr>\n<tr>\n<td height=\"17\"><span style=\"font-size: 12pt; color: #000000;\">27<\/span><\/td>\n<td><span style=\"font-size: 12pt; color: #000000;\">Reiser<\/span><\/td>\n<td><span style=\"font-size: 12pt; color: #000000;\">Anton<\/span><\/td>\n<td><span style=\"font-size: 12pt; color: #000000;\">10<\/span><\/td>\n<\/tr>\n<tr>\n<td height=\"17\"><span style=\"font-size: 12pt; color: #000000;\">28<\/span><\/td>\n<td><span style=\"font-size: 12pt; color: #000000;\">Vitzthum<\/span><\/td>\n<td><span style=\"font-size: 12pt; color: #000000;\">Bettina<\/span><\/td>\n<td><span style=\"font-size: 12pt; color: #000000;\">7<\/span><\/td>\n<\/tr>\n<tr>\n<td height=\"17\"><span style=\"font-size: 12pt; color: #000000;\">29<\/span><\/td>\n<td><span style=\"font-size: 12pt; color: #000000;\">Pehlke<\/span><\/td>\n<td><span style=\"font-size: 12pt; color: #000000;\">Erik<\/span><\/td>\n<td><span style=\"font-size: 12pt; color: #000000;\">6<\/span><\/td>\n<\/tr>\n<tr>\n<td height=\"17\"><\/td>\n<td><\/td>\n<td><\/td>\n<td><\/td>\n<\/tr>\n<tr>\n<td height=\"17\"><\/td>\n<td><span style=\"font-size: 12pt; color: #000000;\">Senioren aufgelegt<\/span><\/td>\n<td><\/td>\n<td><\/td>\n<\/tr>\n<tr>\n<td height=\"17\"><\/td>\n<td><\/td>\n<td><\/td>\n<td><\/td>\n<\/tr>\n<tr>\n<td height=\"17\"><span style=\"font-size: 12pt; color: #000000;\">1<\/span><\/td>\n<td><span style=\"font-size: 12pt; color: #000000;\">Koch<\/span><\/td>\n<td><span style=\"font-size: 12pt; color: #000000;\">Arnold<\/span><\/td>\n<td><span style=\"font-size: 12pt; color: #000000;\">47<\/span><\/td>\n<\/tr>\n<tr>\n<td height=\"17\"><span style=\"font-size: 12pt; color: #000000;\">2<\/span><\/td>\n<td><span style=\"font-size: 12pt; color: #000000;\">Leitenbauer<\/span><\/td>\n<td><span style=\"font-size: 12pt; color: #000000;\">Georg<\/span><\/td>\n<td><span style=\"font-size: 12pt; color: #000000;\">44<\/span><\/td>\n<\/tr>\n<tr>\n<td height=\"17\"><span style=\"font-size: 12pt; color: #000000;\">3<\/span><\/td>\n<td><span style=\"font-size: 12pt; color: #000000;\">Reisert<\/span><\/td>\n<td><span style=\"font-size: 12pt; color: #000000;\">Hans<\/span><\/td>\n<td><span style=\"font-size: 12pt; color: #000000;\">41<\/span><\/td>\n<\/tr>\n<tr>\n<td height=\"17\"><span style=\"font-size: 12pt; color: #000000;\">4<\/span><\/td>\n<td><span style=\"font-size: 12pt; color: #000000;\">Schrettenbrunner<\/span><\/td>\n<td><span style=\"font-size: 12pt; color: #000000;\">Ilona<\/span><\/td>\n<td><span style=\"font-size: 12pt; color: #000000;\">38<\/span><\/td>\n<\/tr>\n<tr>\n<td height=\"17\"><span style=\"font-size: 12pt; color: #000000;\">5<\/span><\/td>\n<td><span style=\"font-size: 12pt; color: #000000;\">Hofmann<\/span><\/td>\n<td><span style=\"font-size: 12pt; color: #000000;\">Hans<\/span><\/td>\n<td><span style=\"font-size: 12pt; color: #000000;\">36<\/span><\/td>\n<\/tr>\n<tr>\n<td height=\"17\"><span style=\"font-size: 12pt; color: #000000;\">6<\/span><\/td>\n<td><span style=\"font-size: 12pt; color: #000000;\">Follenius<\/span><\/td>\n<td><span style=\"font-size: 12pt; color: #000000;\">Dieter<\/span><\/td>\n<td><span style=\"font-size: 12pt; color: #000000;\">35<\/span><\/td>\n<\/tr>\n<tr>\n<td height=\"17\"><span style=\"font-size: 12pt; color: #000000;\">7<\/span><\/td>\n<td><span style=\"font-size: 12pt; color: #000000;\">Eberl<\/span><\/td>\n<td><span style=\"font-size: 12pt; color: #000000;\">Karl-Heinz<\/span><\/td>\n<td><span style=\"font-size: 12pt; color: #000000;\">14<\/span><\/td>\n<\/tr>\n<tr>\n<td height=\"17\"><\/td>\n<td><\/td>\n<td><\/td>\n<td><\/td>\n<\/tr>\n<tr>\n<td height=\"17\"><\/td>\n<td><\/td>\n<td><\/td>\n<td><\/td>\n<\/tr>\n<tr>\n<td height=\"17\"><span style=\"font-size: 12pt; color: #000000;\">1.<\/span><\/td>\n<td><span style=\"font-size: 12pt; color: #000000;\">Zscharschuch<\/span><\/td>\n<td><span style=\"font-size: 12pt; color: #000000;\">Elke<\/span><\/td>\n<td><\/td>\n<\/tr>\n<\/tbody>\n<\/table>\n","protected":false},"excerpt":{"rendered":"<p>Vereinsmeisterschaften Winchester 2025 Zwischen den Jahren trafen sich 38 Farchanter Sch\u00fctzen im Sportzentrum, um mit dem f\u00fcr die meisten ungewohnten Winchester-Gewehr ihre Vereinsmeister und eine zur Disziplin passende Ehrenscheibe auszuschie\u00dfen. Diese gefiel Michael Klarwein jun. so gut, dass er sofort bemerkte: \u201edas wird meine!\u201c Und tats\u00e4chlich war ihm das Gl\u00fcck hold: er schnappte sie sich [&hellip;]<\/p>\n","protected":false},"author":2,"featured_media":0,"parent":1129,"menu_order":0,"comment_status":"closed","ping_status":"closed","template":"","meta":{"footnotes":""},"class_list":["post-34","page","type-page","status-publish","hentry"],"_links":{"self":[{"href":"https:\/\/www.sgfarchant.de\/index.php?rest_route=\/wp\/v2\/pages\/34","targetHints":{"allow":["GET"]}}],"collection":[{"href":"https:\/\/www.sgfarchant.de\/index.php?rest_route=\/wp\/v2\/pages"}],"about":[{"href":"https:\/\/www.sgfarchant.de\/index.php?rest_route=\/wp\/v2\/types\/page"}],"author":[{"embeddable":true,"href":"https:\/\/www.sgfarchant.de\/index.php?rest_route=\/wp\/v2\/users\/2"}],"replies":[{"embeddable":true,"href":"https:\/\/www.sgfarchant.de\/index.php?rest_route=%2Fwp%2Fv2%2Fcomments&post=34"}],"version-history":[{"count":9,"href":"https:\/\/www.sgfarchant.de\/index.php?rest_route=\/wp\/v2\/pages\/34\/revisions"}],"predecessor-version":[{"id":1573,"href":"https:\/\/www.sgfarchant.de\/index.php?rest_route=\/wp\/v2\/pages\/34\/revisions\/1573"}],"up":[{"embeddable":true,"href":"https:\/\/www.sgfarchant.de\/index.php?rest_route=\/wp\/v2\/pages\/1129"}],"wp:attachment":[{"href":"https:\/\/www.sgfarchant.de\/index.php?rest_route=%2Fwp%2Fv2%2Fmedia&parent=34"}],"curies":[{"name":"wp","href":"https:\/\/api.w.org\/{rel}","templated":true}]}}