{"id":265,"date":"2020-03-11T23:48:01","date_gmt":"2020-03-11T22:48:01","guid":{"rendered":"https:\/\/www.sgfarchant.de\/?page_id=265"},"modified":"2026-04-23T15:14:46","modified_gmt":"2026-04-23T13:14:46","slug":"einladungen","status":"publish","type":"page","link":"https:\/\/www.sgfarchant.de\/","title":{"rendered":"Aktuelles"},"content":{"rendered":"<p><strong>E i n l a d u n g<\/strong><\/p>\n<p>Liebe Sch\u00fctzenkameradinnen, liebe Sch\u00fctzenkameraden!<\/p>\n<p>Am <strong>Dienstag, den 5. Mai 2026<\/strong> wird ab 19.00 Uhr auf unseren Schie\u00dfst\u00e4nden und in unserem St\u00fcberl der f\u00e4llige <strong>Gro\u00dfputz<\/strong> durchgef\u00fchrt.<\/p>\n<p>Hierzu freuen wir uns \u00fcber viele flei\u00dfige Helfer!!!<\/p>\n<p><span style=\"font-size: 11pt;\">Hans Schnitzbauer\u00a0\u00a0\u00a0\u00a0\u00a0\u00a0\u00a0\u00a0\u00a0\u00a0\u00a0\u00a0\u00a0\u00a0\u00a0 H. Klarwein &amp; A. Reiser\u00a0 \u00a0 \u00a0 \u00a0 \u00a0 \u00a0 \u00a0 \u00a0 \u00a0Urs Weidler<\/span><br \/>\n<span style=\"font-size: 11pt;\">1. Sch\u00fctzenmeister\u00a0 \u00a0 \u00a0 \u00a0 \u00a0 \u00a0 \u00a0 \u00a0Ehrensch\u00fctzenmeister\u00a0 \u00a0 \u00a0 \u00a0 \u00a0 \u00a0 \u00a0 \u00a0 \u00a0 2. Sch\u00fctzenmeister<\/span><\/p>\n<p><span style=\"font-size: 11pt;\">und der Ausschuss\u00a0\u00a0\u00a0\u00a0\u00a0<\/span><\/p>\n<p><span style=\"font-size: 11pt;\">**********************************************************************<\/span><\/p>\n<p><strong>End- und K\u00f6nigschie\u00dfen der Sch\u00fctzengesellschaft \u201eKuhflucht\u201c Farchant e.V.<\/strong><\/p>\n<p>Die Beteiligung am End- und K\u00f6nigschie\u00dfen der Farchanter Sch\u00fctzen war mit \u00fcber 80 Starter mehr als erfolgreich.<\/p>\n<p>Gro\u00df war dann die Spannung im voll besetzten Lokal, als es zur Proklamation kam: Sch\u00fctzenk\u00f6nig 2026 wurde mit einem 27,4-Teiler Hubert Klarwein, zur Seite steht ihm Jungsch\u00fctzenk\u00f6nigin Jasmin Kosytorz (33-Teiler). Kosytorz erzielte auch die meisten Ringe in der Jugendklasse (81), bei den Sch\u00fclern (aufgelegt) gelang dies mit 91 Ringen Theresa Reiser. In der allgemeinen Auflage-Klasse siegte mit 99 Ringen Hans Hofmann vor Andreas \u00d6fner (ebenfalls 99 Ringe). Bester Luftpistolensch\u00fctze war mit 96 Ringen Urs Weidler, in der Sch\u00fctzenklasse Luftgewehr wurde Hans Schnitzbauer f\u00fcr seine 95 Ringen mit dem Sieg belohnt. Ursula \u00d6fner setzte sich mit 97 Ringen an die Spitze der Seniorenklasse, ihr fiel auch mit einem 6,6-Teiler das beste Blattl der Veranstaltung, was ihr nicht nur den Sieg auf \u201ePunkt\u201c einbrachte, sondern auch den Gewinn des \u201eHartl-Schmid-Pokals\u201c. Zudem durfte sie sich \u00fcber den Gewinn der Eiferscheibe, sowie des Jahresmeister- und des Vereinsmeisterpokals freuen. Auf der \u201eGl\u00fcckscheibe\u201c setzte sich Josef \u00d6ttl jun. mit einem 18,7-Teiler an die Spitze, was ihm aufgrund seiner guten Ringergebnisse auch den \u201eMatthias-Hibler-Pokal\u201c einbrachte. Dasselbe gelang Monika Reiser bei den \u201eAufgelegt-Sch\u00fctzen\u201c, sie gewann mit einem 22,2-Teiler und zwei guten Meisterserien den zum ersten Mal ausgeschossenen \u201eJosef-\u00d6fner-Ged\u00e4chtnispokal\u201c. Die Siegerfahne auf der \u201eHauptscheibe\u201c erk\u00e4mpfte sich Hans Lorenz mit einem 40,2-Teiler. \u00dcberraschend waren auch die Ergebnisse in der Abteilung \u201eSportpistole\u201c: Hier erzielten freistehend die h\u00f6chste Ringzahl Hagen Wilde und Manuela Voja (137); aufgelegt war Andreas \u00d6fner mit 146 Ringen nicht zu schlagen. \u00dcberragender \u201eBlattlsch\u00fctze\u201c war hier Stefan H\u00f6lzlein: er dominierte auf \u201ePunkt\u201c mit einem 23-Teiler, auf \u201ePunkt-aufgelegt\u201c mit einem 179,4-Teiler und gewann zudem mit einem 221,2-Teiler die Ehrenscheibe \u201eFreihand\u201c. Die Ehrenscheibe \u201eaufgelegt\u201c wurde Wolfgang Gauglitz \u00fcberreicht (386,5-Teiler). Die \u201eEiferscheiben\u201c gingen jedoch an Arnold Koch (25,6-Teiler \u201eaufgelegt\u201c) und Hagen Wilde (19,6-Teiler Freihand); Wilde wurde auch Jahresmeister \u201eFreihand\u201c mit einem Ringdurchschnitt von 273,91; Wolfgang Gauglitz mit 288,9 Ringen im Schnitt in der Sparte \u201eAufgelegt\u201c, hier wurde er zudem mit hervorragenden 293 von 300 Ringen Vereinsmeister. Diesen Titel der Freihandsch\u00fctzen verteidigte der j\u00fcngste Teilnehmer im Feld, Johannes R\u00f6ckl, erfolgreich mit der Spitzenleistung von 281 Ringen.<\/p>\n<p><strong>Ehrungen:<\/strong><\/p>\n<p><img loading=\"lazy\" decoding=\"async\" class=\"alignnone size-large wp-image-1667\" src=\"https:\/\/www.sgfarchant.de\/wp-content\/uploads\/2026\/04\/Jubilare2026-1024x768.jpg\" alt=\"\" width=\"625\" height=\"469\" srcset=\"https:\/\/www.sgfarchant.de\/wp-content\/uploads\/2026\/04\/Jubilare2026-1024x768.jpg 1024w, https:\/\/www.sgfarchant.de\/wp-content\/uploads\/2026\/04\/Jubilare2026-300x225.jpg 300w, https:\/\/www.sgfarchant.de\/wp-content\/uploads\/2026\/04\/Jubilare2026-768x576.jpg 768w, https:\/\/www.sgfarchant.de\/wp-content\/uploads\/2026\/04\/Jubilare2026-100x75.jpg 100w, https:\/\/www.sgfarchant.de\/wp-content\/uploads\/2026\/04\/Jubilare2026-1536x1152.jpg 1536w, https:\/\/www.sgfarchant.de\/wp-content\/uploads\/2026\/04\/Jubilare2026-2048x1536.jpg 2048w, https:\/\/www.sgfarchant.de\/wp-content\/uploads\/2026\/04\/Jubilare2026-624x468.jpg 624w\" sizes=\"auto, (max-width: 625px) 100vw, 625px\" \/><br \/>\nvorne: Georg Hibler (60 jahre), Alois Hornsteiner (70), Ilona Schrettenbrunner (25)<br \/>\nhinten: 2. SM Urs Weidler, Hans Felber und Andreas \u00d6fner (beide 50 Jahre), 2. SM Hans Schnitzbauer<\/p>\n<p>&nbsp;<\/p>\n<p><strong>Ludwig Graf, unser F\u00e4hnrich von 1993 bis 2026, wurde zum Ehrenmitglied ernannt:<\/strong><\/p>\n<p><img loading=\"lazy\" decoding=\"async\" class=\"alignnone size-large wp-image-1669\" src=\"https:\/\/www.sgfarchant.de\/wp-content\/uploads\/2026\/04\/LudwigGraf-2-1024x768.jpg\" alt=\"\" width=\"625\" height=\"469\" srcset=\"https:\/\/www.sgfarchant.de\/wp-content\/uploads\/2026\/04\/LudwigGraf-2-1024x768.jpg 1024w, https:\/\/www.sgfarchant.de\/wp-content\/uploads\/2026\/04\/LudwigGraf-2-300x225.jpg 300w, https:\/\/www.sgfarchant.de\/wp-content\/uploads\/2026\/04\/LudwigGraf-2-768x576.jpg 768w, https:\/\/www.sgfarchant.de\/wp-content\/uploads\/2026\/04\/LudwigGraf-2-100x75.jpg 100w, https:\/\/www.sgfarchant.de\/wp-content\/uploads\/2026\/04\/LudwigGraf-2-1536x1152.jpg 1536w, https:\/\/www.sgfarchant.de\/wp-content\/uploads\/2026\/04\/LudwigGraf-2-2048x1536.jpg 2048w, https:\/\/www.sgfarchant.de\/wp-content\/uploads\/2026\/04\/LudwigGraf-2-624x468.jpg 624w\" sizes=\"auto, (max-width: 625px) 100vw, 625px\" \/><br \/>\nvon links nach rechts: Hubert Klarwein, Urs Weidler, Christine Ponitz, Ludwig Graf, Anton Reiser, Ursula \u00d6fner und Hans Schnitzbauer<strong><br \/>\n<\/strong><\/p>\n<p>&nbsp;<\/p>\n<p><strong>K\u00f6nige:<\/strong><br \/>\n<img loading=\"lazy\" decoding=\"async\" class=\"alignnone size-large wp-image-1671\" src=\"https:\/\/www.sgfarchant.de\/wp-content\/uploads\/2026\/04\/Koenige-1-1024x768.jpg\" alt=\"\" width=\"625\" height=\"469\" srcset=\"https:\/\/www.sgfarchant.de\/wp-content\/uploads\/2026\/04\/Koenige-1-1024x768.jpg 1024w, https:\/\/www.sgfarchant.de\/wp-content\/uploads\/2026\/04\/Koenige-1-300x225.jpg 300w, https:\/\/www.sgfarchant.de\/wp-content\/uploads\/2026\/04\/Koenige-1-768x576.jpg 768w, https:\/\/www.sgfarchant.de\/wp-content\/uploads\/2026\/04\/Koenige-1-100x75.jpg 100w, https:\/\/www.sgfarchant.de\/wp-content\/uploads\/2026\/04\/Koenige-1-1536x1152.jpg 1536w, https:\/\/www.sgfarchant.de\/wp-content\/uploads\/2026\/04\/Koenige-1-2048x1536.jpg 2048w, https:\/\/www.sgfarchant.de\/wp-content\/uploads\/2026\/04\/Koenige-1-624x468.jpg 624w\" sizes=\"auto, (max-width: 625px) 100vw, 625px\" \/><br \/>\nJasmin Kosytorz mit Hubert Klarwein<\/p>\n<p>&nbsp;<\/p>\n<p><strong>Preisverleihung 2026:<\/strong><\/p>\n<p><img loading=\"lazy\" decoding=\"async\" class=\"alignnone size-large wp-image-1673\" src=\"https:\/\/www.sgfarchant.de\/wp-content\/uploads\/2026\/04\/Preisverleihung2026-1024x768.jpg\" alt=\"\" width=\"625\" height=\"469\" srcset=\"https:\/\/www.sgfarchant.de\/wp-content\/uploads\/2026\/04\/Preisverleihung2026-1024x768.jpg 1024w, https:\/\/www.sgfarchant.de\/wp-content\/uploads\/2026\/04\/Preisverleihung2026-300x225.jpg 300w, https:\/\/www.sgfarchant.de\/wp-content\/uploads\/2026\/04\/Preisverleihung2026-768x576.jpg 768w, https:\/\/www.sgfarchant.de\/wp-content\/uploads\/2026\/04\/Preisverleihung2026-100x75.jpg 100w, https:\/\/www.sgfarchant.de\/wp-content\/uploads\/2026\/04\/Preisverleihung2026-1536x1152.jpg 1536w, https:\/\/www.sgfarchant.de\/wp-content\/uploads\/2026\/04\/Preisverleihung2026-2048x1536.jpg 2048w, https:\/\/www.sgfarchant.de\/wp-content\/uploads\/2026\/04\/Preisverleihung2026-624x468.jpg 624w\" sizes=\"auto, (max-width: 625px) 100vw, 625px\" \/><br \/>\nsitzend: Hans Hofmann, Monika Reiser, Jasmin Kosytorz, Hubert Klarwein, Ursula \u00d6fner<br \/>\nstehend: Josef \u00d6ttl, Wolfgang Gauglitz, Arnold Koch, Jakob Katona, Urs Weidler, Hagen Wilde, Stefan H\u00f6lzlein, Martin Bertl, Hans Schnitzbauer, Hans Lorenz, Theresa Reiser<\/p>\n<p><span style=\"font-size: 11pt;\">**********************************************************************<\/span><\/p>\n<p><strong>E i n l a d u n g<\/strong><\/p>\n<p>Liebe Sch\u00fctzenkameradinnen, liebe Sch\u00fctzenkameraden!<br \/>\nWir laden Euch alle recht herzlich ein zum diesj\u00e4hrigen<\/p>\n<p><strong>End- und K\u00f6nigschie\u00dfen:<br \/>\n<\/strong>Schie\u00dfzeiten:<\/p>\n<p><strong>Sportpistole (auch \u201eAufgelegt\u201c):<br \/>\n<\/strong>Sonntag,\u00a0\u00a0\u00a0\u00a0\u00a0\u00a0\u00a0\u00a0 15. M\u00e4rz 2026\u00a0\u00a0\u00a0\u00a0\u00a0 10.00 Uhr bis 12.00 Uhr<br \/>\nDienstag,\u00a0\u00a0 \u00a0\u00a0\u00a0\u00a0\u00a017. M\u00e4rz 2026\u00a0\u00a0\u00a0\u00a0\u00a0\u00a0 ab 19.00<br \/>\nSonntag,\u00a0\u00a0\u00a0 \u00a0\u00a0\u00a0\u00a0\u00a022. M\u00e4rz 2026\u00a0\u00a0\u00a0\u00a0\u00a0\u00a0 10.00 Uhr bis 12.00 Uhr<\/p>\n<p><strong>Luftgewehr, Luftpistole (beides auch \u201eAufgelegt\u201c):<br \/>\n<\/strong>Freitag,\u00a0\u00a0\u00a0\u00a0\u00a0\u00a0\u00a0\u00a0\u00a0\u00a0 20. M\u00e4rz 2026\u00a0\u00a0 ab 19.00 Uhr<br \/>\nMittwoch,\u00a0\u00a0\u00a0\u00a0 \u00a0\u00a025. M\u00e4rz 2026\u00a0\u00a0\u00a0 ab 19.00 Uhr<br \/>\nDonnerstag,\u00a0 \u00a026. M\u00e4rz 2026\u00a0\u00a0\u00a0 ab 19.00 Uhr<\/p>\n<p><strong>*<\/strong>Jedes Mitglied kann Luftgewehr und -pistole sowie Sportpistole \u201eaufgelegt\u201c schie\u00dfen!!! Die Meisterwertung erfolgt hier jeweils in einer eigenen Klasse!*<br \/>\nMunition sowie Vereinsgewehre bzw. -pistolen sind f\u00fcr alle Disziplinen am Stand erh\u00e4ltlich!<\/p>\n<p><strong>Preisverteilung:<br \/>\n<\/strong>Am <strong>Samstag, 28. M\u00e4rz 2026<\/strong> um 20.00 Uhr im \u201eSportlerst\u00fcberl\u201c. Hierzu sind auch alle Partnerinnen\/Partner herzlich eingeladen!<\/p>\n<p>Wir freuen uns auf Eure zahlreiche Teilnahme!<\/p>\n<p><span style=\"font-size: 11pt;\">Hans Schnitzbauer\u00a0\u00a0\u00a0\u00a0\u00a0\u00a0\u00a0\u00a0\u00a0\u00a0\u00a0\u00a0\u00a0\u00a0\u00a0 H. Klarwein &amp; A. Reiser\u00a0 \u00a0 \u00a0 \u00a0 \u00a0 \u00a0 \u00a0 \u00a0 \u00a0Urs Weidler<\/span><br \/>\n<span style=\"font-size: 11pt;\">1. Sch\u00fctzenmeister\u00a0 \u00a0 \u00a0 \u00a0 \u00a0 \u00a0 \u00a0 \u00a0Ehrensch\u00fctzenmeister\u00a0 \u00a0 \u00a0 \u00a0 \u00a0 \u00a0 \u00a0 \u00a0 \u00a0 2. Sch\u00fctzenmeister<\/span><\/p>\n<p><span style=\"font-size: 11pt;\">und der Ausschuss\u00a0\u00a0\u00a0\u00a0\u00a0<\/span><\/p>\n<p>Die Vereinsmeisterschaften werden jeweils mit den letzten Vortelschie\u00dfen ausgeschossen:<br \/>\nAlle Sportpistolendisziplinen: Sonntag, 8. und Dienstag, 10. M\u00e4rz 2026<br \/>\nAlle Luftdisziplinen: Freitag, 13. M\u00e4rz 2026<\/p>\n<p><span style=\"font-size: 11pt;\">**********************************************************************<\/span><\/p>\n<p><span style=\"font-size: 11pt;\"><strong>E i n l a d u n g<\/strong><\/span><\/p>\n<p><span style=\"font-size: 11pt;\">Liebe Mitglieder,<\/span><\/p>\n<p><span style=\"font-size: 11pt;\">wir laden Euch alle ein zur<\/span><\/p>\n<h1><span style=\"font-size: 11pt;\">Jahreshauptversammlung<\/span><\/h1>\n<p><span style=\"font-size: 11pt;\">am <strong>Samstag<\/strong>, den <strong>17. Januar 2026<\/strong> um 20.00 Uhr im \u201eSportlerst\u00fcberl\u201c im Sportzentrum Farchant!<\/span><\/p>\n<p><span style=\"font-size: 11pt;\">Tagesordnung:<\/span><\/p>\n<ol>\n<li><span style=\"font-size: 11pt;\">Begr\u00fc\u00dfung durch den Sch\u00fctzenmeister<\/span><\/li>\n<li><span style=\"font-size: 11pt;\">Bericht der Schriftf\u00fchrerin<\/span><\/li>\n<li><span style=\"font-size: 11pt;\">Bericht des Sportleiters<\/span><\/li>\n<li><span style=\"font-size: 11pt;\">Kassenbericht<\/span><\/li>\n<li><span style=\"font-size: 11pt;\">Bericht der Kassenpr\u00fcfer<\/span><\/li>\n<li><span style=\"font-size: 11pt;\">Entlastung<\/span><\/li>\n<li><span style=\"font-size: 11pt;\">Neuwahlen<\/span><\/li>\n<li><span style=\"font-size: 11pt;\">W\u00fcnsche und Antr\u00e4ge<\/span><\/li>\n<\/ol>\n<p><span style=\"font-size: 11pt;\">Auf Eure Teilnahme freuen sich<\/span><\/p>\n<p><span style=\"font-size: 11pt;\">Hans Schnitzbauer\u00a0\u00a0\u00a0\u00a0\u00a0\u00a0\u00a0\u00a0\u00a0\u00a0\u00a0\u00a0\u00a0\u00a0\u00a0 H. Klarwein &amp; A. Reiser\u00a0 \u00a0 \u00a0 \u00a0 \u00a0 \u00a0 \u00a0 \u00a0 \u00a0Urs Weidler<\/span><br \/>\n<span style=\"font-size: 11pt;\">1. Sch\u00fctzenmeister\u00a0 \u00a0 \u00a0 \u00a0 \u00a0 \u00a0 \u00a0 \u00a0Ehrensch\u00fctzenmeister\u00a0 \u00a0 \u00a0 \u00a0 \u00a0 \u00a0 \u00a0 \u00a0 \u00a0 2. Sch\u00fctzenmeister<\/span><\/p>\n<p><span style=\"font-size: 11pt;\">und der Ausschuss\u00a0\u00a0\u00a0\u00a0\u00a0<\/span><\/p>\n<p><span style=\"font-size: 11pt;\">**********************************************************************<\/span><\/p>\n<p>&nbsp;<\/p>\n<p><strong><span style=\"font-size: 11pt;\">Hier gehts zu den Archivmeldungen:<\/span><\/strong><br \/>\n<strong><span style=\"font-size: 11pt;\"><a href=\"https:\/\/www.sgfarchant.de\/?page_id=809\">Archiv Neuigkeiten<\/a><\/span><\/strong><\/p>\n<p>&nbsp;<\/p>\n<p>&nbsp;<\/p>\n","protected":false},"excerpt":{"rendered":"<p>E i n l a d u n g Liebe Sch\u00fctzenkameradinnen, liebe Sch\u00fctzenkameraden! Am Dienstag, den 5. Mai 2026 wird ab 19.00 Uhr auf unseren Schie\u00dfst\u00e4nden und in unserem St\u00fcberl der f\u00e4llige Gro\u00dfputz durchgef\u00fchrt. Hierzu freuen wir uns \u00fcber viele flei\u00dfige Helfer!!! Hans Schnitzbauer\u00a0\u00a0\u00a0\u00a0\u00a0\u00a0\u00a0\u00a0\u00a0\u00a0\u00a0\u00a0\u00a0\u00a0\u00a0 H. Klarwein &amp; A. Reiser\u00a0 \u00a0 \u00a0 \u00a0 \u00a0 \u00a0 \u00a0 [&hellip;]<\/p>\n","protected":false},"author":2,"featured_media":0,"parent":0,"menu_order":0,"comment_status":"closed","ping_status":"closed","template":"","meta":{"footnotes":""},"class_list":["post-265","page","type-page","status-publish","hentry"],"_links":{"self":[{"href":"https:\/\/www.sgfarchant.de\/index.php?rest_route=\/wp\/v2\/pages\/265","targetHints":{"allow":["GET"]}}],"collection":[{"href":"https:\/\/www.sgfarchant.de\/index.php?rest_route=\/wp\/v2\/pages"}],"about":[{"href":"https:\/\/www.sgfarchant.de\/index.php?rest_route=\/wp\/v2\/types\/page"}],"author":[{"embeddable":true,"href":"https:\/\/www.sgfarchant.de\/index.php?rest_route=\/wp\/v2\/users\/2"}],"replies":[{"embeddable":true,"href":"https:\/\/www.sgfarchant.de\/index.php?rest_route=%2Fwp%2Fv2%2Fcomments&post=265"}],"version-history":[{"count":127,"href":"https:\/\/www.sgfarchant.de\/index.php?rest_route=\/wp\/v2\/pages\/265\/revisions"}],"predecessor-version":[{"id":1680,"href":"https:\/\/www.sgfarchant.de\/index.php?rest_route=\/wp\/v2\/pages\/265\/revisions\/1680"}],"wp:attachment":[{"href":"https:\/\/www.sgfarchant.de\/index.php?rest_route=%2Fwp%2Fv2%2Fmedia&parent=265"}],"curies":[{"name":"wp","href":"https:\/\/api.w.org\/{rel}","templated":true}]}}