{"id":21,"date":"2020-02-17T23:59:17","date_gmt":"2020-02-17T22:59:17","guid":{"rendered":"http:\/\/sgfarchant.de\/?page_id=21"},"modified":"2024-04-18T21:33:42","modified_gmt":"2024-04-18T19:33:42","slug":"anfahrt","status":"publish","type":"page","link":"https:\/\/www.sgfarchant.de\/?page_id=21","title":{"rendered":"Anfahrt"},"content":{"rendered":"<div id=\"xr_xr\" class=\"xr_ap\">\n<div id=\"xr_td\" class=\"xr_td\">\n<div class=\"xr_ap xr_xri_\">\n<div class=\"xr_txt Normal_text xr_s2\"><span style=\"color: #000000; font-size: 12pt;\"><strong><span class=\"xr_tl Normal_text xr_s2\">So findet Ihr uns<\/span><\/strong><\/span><\/div>\n<p class=\"xr_txt xr_s6\"><span style=\"color: #000000; font-size: 12pt;\"><strong><span class=\"xr_tl xr_s7\">Von Norden kommend: <\/span><\/strong><span class=\"xr_tl xr_s5\">Auf der B 2 bei der Abfahrt &#8222;Farchant&#8220; abfahren, Richtung Ortsmitte, nach ca. 1,2 KM beim Hotel Gasthof &#8222;Alter Wirt&#8220; links in Richtung Osten abbiegen, ca. 0,7 KM \u00fcber die <\/span><span class=\"xr_tl xr_s5\">Bahngleise und Loisachbr\u00fccke fahren, direkt nach der Loisachbr\u00fccke, beim Hotel Restaurant &#8222;F\u00f6hrenhof&#8220; links in Richtung Norden abbiegen, nach ca. 0,7 KM erreichen Sie <\/span> <span class=\"xr_tl xr_s5\">das Sportzentrum Farchant.<\/span><\/span><\/p>\n<p class=\"xr_txt xr_s6\"><span style=\"color: #000000; font-size: 12pt;\"><strong><span class=\"xr_tl xr_s7\">Von S\u00fcden kommend:<\/span><\/strong> <span class=\"xr_tl xr_s5\">Auf der B 2 bei der Abfahrt &#8222;Farchant&#8220; abfahren, Richtung Ortsmitte, nach ca. 2 KM <\/span> <span class=\"xr_tl xr_s5\">beim Hotel Gasthof &#8222;Alter Wirt&#8220; rechts in Richtung Osten abbiegen, ca. 0,7 KM \u00fcber die <\/span> <span class=\"xr_tl xr_s5\">Bahngleise und Loisachbr\u00fccke fahren, direkt nach der Loisachbr\u00fccke, beim Hotel <\/span> <span class=\"xr_tl xr_s5\">Restaurant &#8222;F\u00f6hrenhof&#8220; links in Richtung Norden abbiegen, nach ca. 0,7 KM erreichen Sie <\/span> <span class=\"xr_tl xr_s5\">das Sportzentrum Farchant.<\/span><\/span><\/p>\n<p>&nbsp;<\/p>\n<\/div>\n<\/div>\n<\/div>\n<div><\/div>\n<div><span style=\"color: #000000; font-size: 12pt;\">Karte bei Google Maps:<\/span> <span style=\"font-size: 12pt;\"><a href=\"https:\/\/www.google.de\/maps\/place\/Frickenstra%C3%9Fe,+82490+Farchant\/@47.5345391,11.1211792,17.75z\/data=!4m6!3m5!1s0x479d075de3492ca7:0xe1257315624f4b3a!8m2!3d47.5345064!4d11.1228252!16s%2Fg%2F11c67qmctw?entry=ttu\" target=\"_blank\" rel=\"noopener noreferrer\">Sportzentrum Farchant<\/a><\/span><\/div>\n","protected":false},"excerpt":{"rendered":"<p>So findet Ihr uns Von Norden kommend: Auf der B 2 bei der Abfahrt &#8222;Farchant&#8220; abfahren, Richtung Ortsmitte, nach ca. 1,2 KM beim Hotel Gasthof &#8222;Alter Wirt&#8220; links in Richtung Osten abbiegen, ca. 0,7 KM \u00fcber die Bahngleise und Loisachbr\u00fccke fahren, direkt nach der Loisachbr\u00fccke, beim Hotel Restaurant &#8222;F\u00f6hrenhof&#8220; links in Richtung Norden abbiegen, nach [&hellip;]<\/p>\n","protected":false},"author":2,"featured_media":0,"parent":58,"menu_order":0,"comment_status":"closed","ping_status":"closed","template":"","meta":{"footnotes":""},"class_list":["post-21","page","type-page","status-publish","hentry"],"_links":{"self":[{"href":"https:\/\/www.sgfarchant.de\/index.php?rest_route=\/wp\/v2\/pages\/21","targetHints":{"allow":["GET"]}}],"collection":[{"href":"https:\/\/www.sgfarchant.de\/index.php?rest_route=\/wp\/v2\/pages"}],"about":[{"href":"https:\/\/www.sgfarchant.de\/index.php?rest_route=\/wp\/v2\/types\/page"}],"author":[{"embeddable":true,"href":"https:\/\/www.sgfarchant.de\/index.php?rest_route=\/wp\/v2\/users\/2"}],"replies":[{"embeddable":true,"href":"https:\/\/www.sgfarchant.de\/index.php?rest_route=%2Fwp%2Fv2%2Fcomments&post=21"}],"version-history":[{"count":5,"href":"https:\/\/www.sgfarchant.de\/index.php?rest_route=\/wp\/v2\/pages\/21\/revisions"}],"predecessor-version":[{"id":999,"href":"https:\/\/www.sgfarchant.de\/index.php?rest_route=\/wp\/v2\/pages\/21\/revisions\/999"}],"up":[{"embeddable":true,"href":"https:\/\/www.sgfarchant.de\/index.php?rest_route=\/wp\/v2\/pages\/58"}],"wp:attachment":[{"href":"https:\/\/www.sgfarchant.de\/index.php?rest_route=%2Fwp%2Fv2%2Fmedia&parent=21"}],"curies":[{"name":"wp","href":"https:\/\/api.w.org\/{rel}","templated":true}]}}