{"id":19,"date":"2020-02-17T23:59:40","date_gmt":"2020-02-17T22:59:40","guid":{"rendered":"http:\/\/sgfarchant.de\/?page_id=19"},"modified":"2026-04-07T15:03:06","modified_gmt":"2026-04-07T13:03:06","slug":"vorstand-und-ausschuss","status":"publish","type":"page","link":"https:\/\/www.sgfarchant.de\/?page_id=19","title":{"rendered":"Vorstand und Ausschu\u00df"},"content":{"rendered":"<p><img loading=\"lazy\" decoding=\"async\" class=\"alignnone size-large wp-image-1654\" src=\"https:\/\/www.sgfarchant.de\/wp-content\/uploads\/2026\/04\/Ausschuss-1024x768.jpg\" alt=\"\" width=\"625\" height=\"469\" srcset=\"https:\/\/www.sgfarchant.de\/wp-content\/uploads\/2026\/04\/Ausschuss-1024x768.jpg 1024w, https:\/\/www.sgfarchant.de\/wp-content\/uploads\/2026\/04\/Ausschuss-300x225.jpg 300w, https:\/\/www.sgfarchant.de\/wp-content\/uploads\/2026\/04\/Ausschuss-768x576.jpg 768w, https:\/\/www.sgfarchant.de\/wp-content\/uploads\/2026\/04\/Ausschuss-100x75.jpg 100w, https:\/\/www.sgfarchant.de\/wp-content\/uploads\/2026\/04\/Ausschuss-1536x1152.jpg 1536w, https:\/\/www.sgfarchant.de\/wp-content\/uploads\/2026\/04\/Ausschuss-2048x1536.jpg 2048w, https:\/\/www.sgfarchant.de\/wp-content\/uploads\/2026\/04\/Ausschuss-624x468.jpg 624w\" sizes=\"auto, (max-width: 625px) 100vw, 625px\" \/><\/p>\n<p>von links nach rechts:<\/p>\n<p>vorne sitzend: Ehrensch\u00fctzen Hubert Klarwein, 2. Sch\u00fctzenmeister Urs Weidler, 1. Sch\u00fctzenmeister Hans Schnitzbauer und Ehrensch\u00fctzenmeister Anton Reiser (F\u00e4hnrich)<\/p>\n<p>stehend: Thomas Maurer (Zeugwart und Jugendleiter), Stephan Oellinger (EDV-Beauftragter), Arnold Koch (Zeugwart), Detlef Zische (1. Gausch\u00fctzenmeister), Thomas Oellinger (1. Jugendleiter), Andreas \u00d6fner (1. Sportleiter), Ursula \u00d6fner (Schriftf\u00fchrerin), Josef \u00d6ttl (Beisitz), Christine Ponitz (Kassierin), Manuela Voja (Beisitz), Ludwig Leitenbauer (Fahnenbegleiter), Karsten Amann (EDV-Beauftragter), Stefan H\u00f6lzlein (Abt.-L Sportpistole), Hans Lorenz (Beisitz und Fahnenbegleiter)<\/p>\n<p>nicht auf dem Foto sind:<br \/>\nRobert Reiser (2. Sportleiter)<\/p>\n<p>&nbsp;<\/p>\n<table style=\"width: 95.68%; height: 1040px;\" width=\"238\">\n<tbody>\n<tr style=\"height: 32px;\">\n<td style=\"width: 44.5718%; height: 32px;\" width=\"158\"><span style=\"font-size: 12pt; color: #000000;\"><span style=\"color: #444444;\">1. Sch\u00fctzenmeister:\u00a0<\/span><\/span><\/td>\n<td style=\"width: 60.549%; height: 32px;\" width=\"80\"><span style=\"font-size: 12pt; color: #000000;\"><span style=\"color: #444444;\">Hans Schnitzbauer<\/span><\/span><\/td>\n<\/tr>\n<tr style=\"height: 28px;\">\n<td style=\"width: 44.5718%; height: 28px;\"><span style=\"color: #444444;\"><span style=\"font-size: 14px;\">\u00a0<\/span><\/span><\/td>\n<td style=\"width: 60.549%; height: 28px;\"><span style=\"color: #444444;\"><span style=\"font-size: 14px;\">\u00a0<\/span><\/span><\/td>\n<\/tr>\n<tr style=\"height: 32px;\">\n<td style=\"width: 44.5718%; height: 32px;\"><span style=\"font-size: 12pt; color: #000000;\"><span style=\"color: #444444;\">2. Sch\u00fctzenmeister:\u00a0<\/span><\/span><\/td>\n<td style=\"width: 60.549%; height: 32px;\"><span style=\"font-size: 12pt; color: #000000;\"><span style=\"color: #444444;\">Urs Weidler<\/span><\/span><\/td>\n<\/tr>\n<tr style=\"height: 28px;\">\n<td style=\"width: 44.5718%; height: 28px;\"><span style=\"color: #444444;\"><span style=\"font-size: 14px;\">\u00a0<\/span><\/span><\/td>\n<td style=\"width: 60.549%; height: 28px;\"><span style=\"color: #444444;\"><span style=\"font-size: 14px;\">\u00a0<\/span><\/span><\/td>\n<\/tr>\n<tr style=\"height: 32px;\">\n<td style=\"width: 44.5718%; height: 32px;\"><span style=\"font-size: 12pt; color: #000000;\"><span style=\"color: #444444;\">Schriftf\u00fchrerin:\u00a0<\/span><\/span><\/td>\n<td style=\"width: 60.549%; height: 32px;\"><span style=\"font-size: 12pt; color: #000000;\"><span style=\"color: #444444;\">Ursula \u00d6fner<\/span><\/span><\/td>\n<\/tr>\n<tr style=\"height: 28px;\">\n<td style=\"width: 44.5718%; height: 28px;\"><span style=\"color: #444444;\"><span style=\"font-size: 14px;\">\u00a0<\/span><\/span><\/td>\n<td style=\"width: 60.549%; height: 28px;\"><span style=\"color: #444444;\"><span style=\"font-size: 14px;\">\u00a0<\/span><\/span><\/td>\n<\/tr>\n<tr style=\"height: 32px;\">\n<td style=\"width: 44.5718%; height: 32px;\"><span style=\"font-size: 12pt; color: #000000;\"><span style=\"color: #444444;\">Kassier:\u00a0<\/span><\/span><\/td>\n<td style=\"width: 60.549%; height: 32px;\"><span style=\"font-size: 12pt; color: #000000;\"><span style=\"color: #444444;\">Christine Reiser<\/span><\/span><\/td>\n<\/tr>\n<tr style=\"height: 28px;\">\n<td style=\"width: 44.5718%; height: 28px;\"><span style=\"color: #444444;\"><span style=\"font-size: 14px;\">\u00a0<\/span><\/span><\/td>\n<td style=\"width: 60.549%; height: 28px;\"><span style=\"color: #444444;\"><span style=\"font-size: 14px;\">\u00a0<\/span><\/span><\/td>\n<\/tr>\n<tr style=\"height: 32px;\">\n<td style=\"width: 44.5718%; height: 32px;\"><span style=\"font-size: 12pt; color: #000000;\"><span style=\"color: #444444;\">1. Sportleiter:\u00a0<\/span><\/span><\/td>\n<td style=\"width: 60.549%; height: 32px;\"><span style=\"font-size: 12pt; color: #000000;\"><span style=\"color: #444444;\">Andreas \u00d6fner<\/span><\/span><\/td>\n<\/tr>\n<tr style=\"height: 28px;\">\n<td style=\"width: 44.5718%; height: 28px;\"><span style=\"color: #444444;\"><span style=\"font-size: 14px;\">\u00a0<\/span><\/span><\/td>\n<td style=\"width: 60.549%; height: 28px;\"><span style=\"color: #444444;\"><span style=\"font-size: 14px;\">\u00a0<\/span><\/span><\/td>\n<\/tr>\n<tr style=\"height: 32px;\">\n<td style=\"width: 44.5718%; height: 32px;\"><span style=\"font-size: 12pt; color: #000000;\"><span style=\"color: #444444;\">2. Sportleiter:\u00a0<\/span><\/span><\/td>\n<td style=\"width: 60.549%; height: 32px;\"><span style=\"font-size: 12pt; color: #000000;\"><span style=\"color: #444444;\">Robert Reiser<\/span><\/span><\/td>\n<\/tr>\n<tr style=\"height: 28px;\">\n<td style=\"width: 44.5718%; height: 28px;\"><span style=\"color: #444444;\"><span style=\"font-size: 14px;\">\u00a0<\/span><\/span><\/td>\n<td style=\"width: 60.549%; height: 28px;\"><span style=\"color: #444444;\"><span style=\"font-size: 14px;\">\u00a0<\/span><\/span><\/td>\n<\/tr>\n<tr style=\"height: 32px;\">\n<td style=\"width: 44.5718%; height: 32px;\"><span style=\"font-size: 12pt; color: #000000;\"><span style=\"color: #444444;\">Abteilungsleiter SpoPi:\u00a0<\/span><\/span><\/td>\n<td style=\"width: 60.549%; height: 32px;\"><span style=\"font-size: 12pt; color: #000000;\"><span style=\"color: #444444;\">Stephan H\u00f6lzlein<\/span><\/span><\/td>\n<\/tr>\n<tr style=\"height: 28px;\">\n<td style=\"width: 44.5718%; height: 28px;\"><span style=\"color: #444444;\"><span style=\"font-size: 14px;\">\u00a0<\/span><\/span><\/td>\n<td style=\"width: 60.549%; height: 28px;\"><span style=\"color: #444444;\"><span style=\"font-size: 14px;\">\u00a0<\/span><\/span><\/td>\n<\/tr>\n<tr style=\"height: 32px;\">\n<td style=\"width: 44.5718%; height: 32px;\"><span style=\"font-size: 12pt; color: #000000;\"><span style=\"color: #444444;\">1. Jugendleiter:<\/span><\/span><\/td>\n<td style=\"width: 60.549%; height: 32px;\"><span style=\"font-size: 12pt; color: #000000;\"><span style=\"color: #444444;\">Thomas Oellinger<\/span><\/span><\/td>\n<\/tr>\n<tr style=\"height: 28px;\">\n<td style=\"width: 44.5718%; height: 28px;\"><span style=\"color: #444444;\"><span style=\"font-size: 14px;\">\u00a0<\/span><\/span><\/td>\n<td style=\"width: 60.549%; height: 28px;\"><span style=\"color: #444444;\"><span style=\"font-size: 14px;\">\u00a0<\/span><\/span><\/td>\n<\/tr>\n<tr style=\"height: 32px;\">\n<td style=\"width: 44.5718%; height: 32px;\"><span style=\"font-size: 12pt; color: #000000;\"><span style=\"color: #444444;\">2. Jugendleiter, Vereinsheimwart:\u00a0<\/span><\/span><\/td>\n<td style=\"width: 60.549%; height: 32px;\"><span style=\"font-size: 12pt; color: #000000;\"><span style=\"color: #444444;\">Thomas Maurer<\/span><\/span><\/td>\n<\/tr>\n<tr style=\"height: 28px;\">\n<td style=\"width: 44.5718%; height: 28px;\"><span style=\"color: #444444;\"><span style=\"font-size: 14px;\">\u00a0<\/span><\/span><\/td>\n<td style=\"width: 60.549%; height: 28px;\"><span style=\"color: #444444;\"><span style=\"font-size: 14px;\">\u00a0<\/span><\/span><\/td>\n<\/tr>\n<tr style=\"height: 32px;\">\n<td style=\"width: 44.5718%; height: 32px;\"><span style=\"font-size: 12pt; color: #000000;\"><span style=\"color: #444444;\">EDV Referenten:<\/span><\/span><\/td>\n<td style=\"width: 60.549%; height: 32px;\"><span style=\"font-size: 12pt; color: #000000;\"><span style=\"color: #444444;\">\u00a0Stephan Oellinger, Karsten Amann<\/span><\/span><\/td>\n<\/tr>\n<tr style=\"height: 28px;\">\n<td style=\"width: 44.5718%; height: 28px;\"><span style=\"color: #444444;\"><span style=\"font-size: 14px;\">\u00a0<\/span><\/span><\/td>\n<td style=\"width: 60.549%; height: 28px;\"><span style=\"color: #444444;\"><span style=\"font-size: 14px;\">\u00a0<\/span><\/span><\/td>\n<\/tr>\n<tr style=\"height: 32px;\">\n<td style=\"width: 44.5718%; height: 32px;\"><span style=\"font-size: 12pt; color: #000000;\"><span style=\"color: #444444;\">Zeugwart, 50m Stand:\u00a0<\/span><\/span><\/td>\n<td style=\"width: 60.549%; height: 32px;\"><span style=\"font-size: 12pt; color: #000000;\"><span style=\"color: #444444;\">Arnold Koch<\/span><\/span><\/td>\n<\/tr>\n<tr style=\"height: 28px;\">\n<td style=\"width: 44.5718%; height: 28px;\"><span style=\"color: #444444;\"><span style=\"font-size: 14px;\">\u00a0<\/span><\/span><\/td>\n<td style=\"width: 60.549%; height: 28px;\"><span style=\"color: #444444;\"><span style=\"font-size: 14px;\">\u00a0<\/span><\/span><\/td>\n<\/tr>\n<tr style=\"height: 32px;\">\n<td style=\"width: 44.5718%; height: 32px;\"><span style=\"font-size: 12pt; color: #000000;\"><span style=\"color: #444444;\">F\u00e4hnrich:\u00a0<\/span><\/span><\/td>\n<td style=\"width: 60.549%; height: 32px;\"><span style=\"font-size: 12pt; color: #000000;\"><span style=\"color: #444444;\">Anton Reiser<\/span><\/span><\/td>\n<\/tr>\n<tr style=\"height: 28px;\">\n<td style=\"width: 44.5718%; height: 28px;\"><span style=\"color: #444444;\"><span style=\"font-size: 14px;\">\u00a0<\/span><\/span><\/td>\n<td style=\"width: 60.549%; height: 28px;\"><span style=\"color: #444444;\"><span style=\"font-size: 14px;\">\u00a0<\/span><\/span><\/td>\n<\/tr>\n<tr style=\"height: 64px;\">\n<td style=\"width: 44.5718%; height: 64px;\"><span style=\"font-size: 12pt; color: #000000;\"><span style=\"color: #444444;\">Fahnenabordnung:\u00a0<\/span><\/span><\/td>\n<td style=\"width: 60.549%; height: 64px;\"><span style=\"font-size: 12pt; color: #000000;\"><span style=\"color: #444444;\">Ludwig Leitenbauer, Hans Lorenz<\/span><\/span><\/td>\n<\/tr>\n<tr style=\"height: 28px;\">\n<td style=\"width: 44.5718%; height: 28px;\"><span style=\"color: #444444;\"><span style=\"font-size: 14px;\">\u00a0<\/span><\/span><\/td>\n<td style=\"width: 60.549%; height: 28px;\"><span style=\"color: #444444;\"><span style=\"font-size: 14px;\">\u00a0<\/span><\/span><\/td>\n<\/tr>\n<tr style=\"height: 64px;\">\n<td style=\"width: 44.5718%; height: 64px;\"><span style=\"font-size: 12pt; color: #000000;\"><span style=\"color: #444444;\">Beisitzer:\u00a0<\/span><\/span><\/td>\n<td style=\"width: 60.549%; height: 64px;\"><span style=\"font-size: 12pt; color: #000000;\"><span style=\"color: #444444;\">Hans Lorenz, Josef \u00d6ttl jun., Georg Leitenbauer, Manuela Voja<\/span><\/span><\/td>\n<\/tr>\n<tr style=\"height: 28px;\">\n<td style=\"width: 44.5718%; height: 28px;\"><span style=\"color: #444444;\"><span style=\"font-size: 14px;\">\u00a0<\/span><\/span><\/td>\n<td style=\"width: 60.549%; height: 28px;\"><span style=\"color: #444444;\"><span style=\"font-size: 14px;\">\u00a0<\/span><\/span><\/td>\n<\/tr>\n<tr style=\"height: 32px;\">\n<td style=\"width: 44.5718%; height: 32px;\"><span style=\"font-size: 12pt; color: #000000;\"><span style=\"color: #444444;\">Vereinsdiener:\u00a0<\/span><\/span><\/td>\n<td style=\"width: 60.549%; height: 32px;\"><span style=\"font-size: 12pt; color: #000000;\"><span style=\"color: #444444;\">Kilian Dapfer, Hannes Hutter<\/span><\/span><\/td>\n<\/tr>\n<tr style=\"height: 28px;\">\n<td style=\"width: 44.5718%; height: 28px;\"><span style=\"color: #444444;\"><span style=\"font-size: 14px;\">\u00a0<\/span><\/span><\/td>\n<td style=\"width: 60.549%; height: 28px;\"><span style=\"color: #444444;\"><span style=\"font-size: 14px;\">\u00a0<\/span><\/span><\/td>\n<\/tr>\n<tr style=\"height: 24px;\">\n<td style=\"width: 44.5718%; height: 24px;\"><\/td>\n<td style=\"width: 60.549%; height: 24px;\"><\/td>\n<\/tr>\n<tr style=\"height: 28px;\">\n<td style=\"width: 44.5718%; height: 28px;\"><span style=\"color: #444444;\"><span style=\"font-size: 14px;\">\u00a0<\/span><\/span><\/td>\n<td style=\"width: 60.549%; height: 28px;\"><span style=\"color: #444444;\"><span style=\"font-size: 14px;\">\u00a0<\/span><\/span><\/td>\n<\/tr>\n<tr style=\"height: 24px;\">\n<td style=\"width: 44.5718%; height: 24px;\"><\/td>\n<td style=\"width: 60.549%; height: 24px;\"><\/td>\n<\/tr>\n<\/tbody>\n<\/table>\n","protected":false},"excerpt":{"rendered":"<p>von links nach rechts: vorne sitzend: Ehrensch\u00fctzen Hubert Klarwein, 2. Sch\u00fctzenmeister Urs Weidler, 1. Sch\u00fctzenmeister Hans Schnitzbauer und Ehrensch\u00fctzenmeister Anton Reiser (F\u00e4hnrich) stehend: Thomas Maurer (Zeugwart und Jugendleiter), Stephan Oellinger (EDV-Beauftragter), Arnold Koch (Zeugwart), Detlef Zische (1. Gausch\u00fctzenmeister), Thomas Oellinger (1. Jugendleiter), Andreas \u00d6fner (1. Sportleiter), Ursula \u00d6fner (Schriftf\u00fchrerin), Josef \u00d6ttl (Beisitz), Christine Ponitz (Kassierin), [&hellip;]<\/p>\n","protected":false},"author":2,"featured_media":0,"parent":0,"menu_order":0,"comment_status":"closed","ping_status":"closed","template":"","meta":{"footnotes":""},"class_list":["post-19","page","type-page","status-publish","hentry"],"_links":{"self":[{"href":"https:\/\/www.sgfarchant.de\/index.php?rest_route=\/wp\/v2\/pages\/19","targetHints":{"allow":["GET"]}}],"collection":[{"href":"https:\/\/www.sgfarchant.de\/index.php?rest_route=\/wp\/v2\/pages"}],"about":[{"href":"https:\/\/www.sgfarchant.de\/index.php?rest_route=\/wp\/v2\/types\/page"}],"author":[{"embeddable":true,"href":"https:\/\/www.sgfarchant.de\/index.php?rest_route=\/wp\/v2\/users\/2"}],"replies":[{"embeddable":true,"href":"https:\/\/www.sgfarchant.de\/index.php?rest_route=%2Fwp%2Fv2%2Fcomments&post=19"}],"version-history":[{"count":14,"href":"https:\/\/www.sgfarchant.de\/index.php?rest_route=\/wp\/v2\/pages\/19\/revisions"}],"predecessor-version":[{"id":1656,"href":"https:\/\/www.sgfarchant.de\/index.php?rest_route=\/wp\/v2\/pages\/19\/revisions\/1656"}],"wp:attachment":[{"href":"https:\/\/www.sgfarchant.de\/index.php?rest_route=%2Fwp%2Fv2%2Fmedia&parent=19"}],"curies":[{"name":"wp","href":"https:\/\/api.w.org\/{rel}","templated":true}]}}