{"id":1652,"date":"2026-04-07T14:57:25","date_gmt":"2026-04-07T12:57:25","guid":{"rendered":"https:\/\/www.sgfarchant.de\/?page_id=1652"},"modified":"2026-04-07T15:12:38","modified_gmt":"2026-04-07T13:12:38","slug":"end-und-koenigsschiessen-2025-2","status":"publish","type":"page","link":"https:\/\/www.sgfarchant.de\/?page_id=1652","title":{"rendered":"End- und K\u00f6nigsschie\u00dfen 2026"},"content":{"rendered":"<p>Endschie\u00dfen Sportpistole aufgelegt:<br \/>\n<a href=\"https:\/\/www.sgfarchant.de\/wp-content\/uploads\/2026\/04\/ergebnis-sp-aufgelegt.pdf\" class=\"pdfemb-viewer\" style=\"\" data-width=\"max\" data-height=\"max\" data-toolbar=\"bottom\" data-toolbar-fixed=\"off\">ergebnis sp aufgelegt<\/a><\/p>\n<p>Endschie\u00dfen Sportpistole:<br \/>\n<a href=\"https:\/\/www.sgfarchant.de\/wp-content\/uploads\/2026\/04\/ergebnis-sp-freistehend.pdf\" class=\"pdfemb-viewer\" style=\"\" data-width=\"max\" data-height=\"max\" data-toolbar=\"bottom\" data-toolbar-fixed=\"off\">ergebnis sp freistehend<\/a><\/p>\n<p>Vereinsmeister und Jahresmeister Sportpistole:<\/p>\n<p>&nbsp;<\/p>\n<p>End- und K\u00f6nigsschie\u00dfen Luftpistole und Luftgewehr:<br \/>\n<a href=\"https:\/\/www.sgfarchant.de\/wp-content\/uploads\/2026\/04\/end-u.-koenigsschiessen-lglp-2026.pdf\" class=\"pdfemb-viewer\" style=\"\" data-width=\"max\" data-height=\"max\" data-toolbar=\"bottom\" data-toolbar-fixed=\"off\">end- u. k\u00f6nigsschie\u00dfen lglp 2026<\/a><\/p>\n<p>Pokale:<br \/>\n<a href=\"https:\/\/www.sgfarchant.de\/wp-content\/uploads\/2026\/04\/Ergebnisse-LG-LP-Pokale.pdf\" class=\"pdfemb-viewer\" style=\"\" data-width=\"max\" data-height=\"max\" data-toolbar=\"bottom\" data-toolbar-fixed=\"off\">Ergebnisse LG LP Pokale<\/a><\/p>\n<p>Vereinsmeisterschaft und Jahresmeister Luftpistole und Luftgewehr:<br \/>\n<a href=\"https:\/\/www.sgfarchant.de\/wp-content\/uploads\/2026\/04\/VM-JM-LGLP-26.pdf\" class=\"pdfemb-viewer\" style=\"\" data-width=\"max\" data-height=\"max\" data-toolbar=\"bottom\" data-toolbar-fixed=\"off\">VM + JM LGLP 26<\/a><\/p>\n<p>&nbsp;<\/p>\n<p>&nbsp;<\/p>\n","protected":false},"excerpt":{"rendered":"<p>Endschie\u00dfen Sportpistole aufgelegt: Endschie\u00dfen Sportpistole: Vereinsmeister und Jahresmeister Sportpistole: &nbsp; End- und K\u00f6nigsschie\u00dfen Luftpistole und Luftgewehr: Pokale: Vereinsmeisterschaft und Jahresmeister Luftpistole und Luftgewehr: &nbsp; &nbsp;<\/p>\n","protected":false},"author":2,"featured_media":0,"parent":596,"menu_order":1,"comment_status":"closed","ping_status":"closed","template":"","meta":{"footnotes":""},"class_list":["post-1652","page","type-page","status-publish","hentry"],"_links":{"self":[{"href":"https:\/\/www.sgfarchant.de\/index.php?rest_route=\/wp\/v2\/pages\/1652","targetHints":{"allow":["GET"]}}],"collection":[{"href":"https:\/\/www.sgfarchant.de\/index.php?rest_route=\/wp\/v2\/pages"}],"about":[{"href":"https:\/\/www.sgfarchant.de\/index.php?rest_route=\/wp\/v2\/types\/page"}],"author":[{"embeddable":true,"href":"https:\/\/www.sgfarchant.de\/index.php?rest_route=\/wp\/v2\/users\/2"}],"replies":[{"embeddable":true,"href":"https:\/\/www.sgfarchant.de\/index.php?rest_route=%2Fwp%2Fv2%2Fcomments&post=1652"}],"version-history":[{"count":6,"href":"https:\/\/www.sgfarchant.de\/index.php?rest_route=\/wp\/v2\/pages\/1652\/revisions"}],"predecessor-version":[{"id":1666,"href":"https:\/\/www.sgfarchant.de\/index.php?rest_route=\/wp\/v2\/pages\/1652\/revisions\/1666"}],"up":[{"embeddable":true,"href":"https:\/\/www.sgfarchant.de\/index.php?rest_route=\/wp\/v2\/pages\/596"}],"wp:attachment":[{"href":"https:\/\/www.sgfarchant.de\/index.php?rest_route=%2Fwp%2Fv2%2Fmedia&parent=1652"}],"curies":[{"name":"wp","href":"https:\/\/api.w.org\/{rel}","templated":true}]}}